{"id":3624,"date":"2025-05-02T22:20:11","date_gmt":"2025-05-02T22:20:11","guid":{"rendered":"https:\/\/myhypnotherapist.eu\/?page_id=3624"},"modified":"2025-05-02T22:24:42","modified_gmt":"2025-05-02T22:24:42","slug":"chronic-pain-management","status":"publish","type":"page","link":"https:\/\/myhypnotherapist.eu\/de\/chronic-pain-management\/","title":{"rendered":"Management chronischer Schmerzen"},"content":{"rendered":"<div data-elementor-type=\"wp-page\" data-elementor-id=\"3624\" class=\"elementor elementor-3624\">\n\t\t\t\t<div class=\"elementor-element elementor-element-c3fe11c e-flex e-con-boxed e-con e-parent\" data-id=\"c3fe11c\" data-element_type=\"container\" data-e-type=\"container\">\n\t\t\t\t\t<div class=\"e-con-inner\">\n\t\t\t\t<div class=\"elementor-element elementor-element-5b29fd7 elementor-widget elementor-widget-heading\" data-id=\"5b29fd7\" data-element_type=\"widget\" data-e-type=\"widget\" data-widget_type=\"heading.default\">\n\t\t\t\t\t<h1 class=\"elementor-heading-title elementor-size-default\">Ver\u00e4ndern Sie Ihr Leben mit personalisierter Hypnotherapie bei chronischen Schmerzen<\/h1>\t\t\t\t<\/div>\n\t\t\t\t<div class=\"elementor-element elementor-element-2578414 elementor-widget elementor-widget-heading\" data-id=\"2578414\" data-element_type=\"widget\" data-e-type=\"widget\" data-widget_type=\"heading.default\">\n\t\t\t\t\t<h2 class=\"elementor-heading-title elementor-size-default\">Entfesseln Sie die Kraft Ihres Unterbewusstseins zur Schmerzlinderung<\/h2>\t\t\t\t<\/div>\n\t\t\t\t<div class=\"elementor-element elementor-element-8c317f0 elementor-widget elementor-widget-text-editor\" data-id=\"8c317f0\" data-element_type=\"widget\" data-e-type=\"widget\" data-widget_type=\"text-editor.default\">\n\t\t\t\t\t\t\t\t\t<p>Bei My Hypnotherapist verstehen wir, dass chronische Schmerzen jeden Menschen auf einzigartige Weise betreffen. Deshalb bieten wir individuelle 1-zu-1-Hypnotherapiesitzungen an, die speziell auf die Bed\u00fcrfnisse von Menschen mit chronischen Schmerzen zugeschnitten sind. Unsere Sitzungen basieren auf bew\u00e4hrten Techniken wie dem \"Back-Skills Training\" (BeST) der Universit\u00e4t Oxford und der \"Arrow Technique\" von Freddy Jacquin, kombiniert mit etablierten Methoden der kognitiven Verhaltenstherapie (CBT) und kognitiven Verhaltenshypnose. Diese Ans\u00e4tze helfen Ihnen, Ihre Schmerzen zu bew\u00e4ltigen, Ihre Lebensqualit\u00e4t zu verbessern und ein erf\u00fcllteres Leben zu f\u00fchren.<\/p>\t\t\t\t\t\t\t\t<\/div>\n\t\t\t\t<div class=\"elementor-element elementor-element-b265eca elementor-widget elementor-widget-heading\" data-id=\"b265eca\" data-element_type=\"widget\" data-e-type=\"widget\" data-widget_type=\"heading.default\">\n\t\t\t\t\t<h2 class=\"elementor-heading-title elementor-size-default\">Was ist 1-zu-1-Hypnotherapie bei chronischen Schmerzen?<\/h2>\t\t\t\t<\/div>\n\t\t\t\t<div class=\"elementor-element elementor-element-4d15096 elementor-widget elementor-widget-text-editor\" data-id=\"4d15096\" data-element_type=\"widget\" data-e-type=\"widget\" data-widget_type=\"text-editor.default\">\n\t\t\t\t\t\t\t\t\t<p>Die 1-zu-1-Hypnotherapie f\u00fcr chronische Schmerzen bietet eine sehr pers\u00f6nliche und ma\u00dfgeschneiderte Erfahrung. Sie arbeiten direkt mit einem zertifizierten, erfahrenen Hypnotherapeuten in einer privaten und unterst\u00fctzenden Umgebung. Im Gegensatz zu Standardl\u00f6sungen gehen wir in jeder Sitzung auf Ihre spezifischen Bed\u00fcrfnisse und Schmerzherausforderungen ein. Unser Ziel ist es, Ihnen zu helfen, die Kraft Ihres Unterbewusstseins zu nutzen, um Ihre Schmerzen zu lindern und Ihr allgemeines Wohlbefinden zu steigern.<\/p>\t\t\t\t\t\t\t\t<\/div>\n\t\t\t\t<div class=\"elementor-element elementor-element-25b9757 elementor-widget elementor-widget-heading\" data-id=\"25b9757\" data-element_type=\"widget\" data-e-type=\"widget\" data-widget_type=\"heading.default\">\n\t\t\t\t\t<h2 class=\"elementor-heading-title elementor-size-default\">Wie funktioniert das Ganze?<\/h2>\t\t\t\t<\/div>\n\t\t\t\t<div class=\"elementor-element elementor-element-01916f7 elementor-widget elementor-widget-text-editor\" data-id=\"01916f7\" data-element_type=\"widget\" data-e-type=\"widget\" data-widget_type=\"text-editor.default\">\n\t\t\t\t\t\t\t\t\t<p>Zun\u00e4chst beginnen wir mit einem entspannten Gespr\u00e4ch \u00fcber Ihre Schmerzgeschichte, Ihre Ziele und Herausforderungen. Dann f\u00fchren wir Sie w\u00e4hrend der Sitzung sanft in einen ruhigen, konzentrierten Zustand. In diesem hypnotischen Zustand wird Ihr Unterbewusstsein aufnahmef\u00e4higer f\u00fcr positive Suggestionen und erm\u00f6glicht Ihnen den Zugang zu tief sitzenden Mustern und \u00dcberzeugungen. Dadurch erhalten Sie die M\u00f6glichkeit, kraftvolle Ver\u00e4nderungen von innen heraus zu bewirken.<\/p><p>W\u00e4hrend des gesamten Prozesses verfolgen wir einen unterst\u00fctzenden, zielgerichteten Ansatz, der auf Ihre individuellen Bed\u00fcrfnisse zugeschnitten ist. Wir verwenden Techniken wie das \"Back-Skills Training\" (BeST), das Ihnen hilft, Ihre Schmerzen besser zu verstehen und zu managen, sowie die \"Arrow Technique\", die darauf abzielt, emotionale Blockaden zu l\u00f6sen, die Ihre Schmerzen verst\u00e4rken k\u00f6nnten.<\/p>\t\t\t\t\t\t\t\t<\/div>\n\t\t\t\t<div class=\"elementor-element elementor-element-1ce00a8 elementor-widget elementor-widget-heading\" data-id=\"1ce00a8\" data-element_type=\"widget\" data-e-type=\"widget\" data-widget_type=\"heading.default\">\n\t\t\t\t\t<h2 class=\"elementor-heading-title elementor-size-default\">Was ist die Gruppenoption bei chronischen Schmerzen?<\/h2>\t\t\t\t<\/div>\n\t\t\t\t<div class=\"elementor-element elementor-element-eba729f elementor-widget elementor-widget-text-editor\" data-id=\"eba729f\" data-element_type=\"widget\" data-e-type=\"widget\" data-widget_type=\"text-editor.default\">\n\t\t\t\t\t\t\t\t\t<p>Die Gruppenoption bei chronischen Schmerzen ist ein hybrider Ansatz, wie er beim \"BeST\" Programm der Universit\u00e4t Oxford empfohlen wird. Tas bedeutet, dass wir mit einer individuellen Hypnotherapiesitzung anfangen. In dieser Sitzung ergr\u00fcnden wir zun\u00e4chst Ihre Schmerzgeschichte, Ihre Ziele und Herausforderungen und erstellen im zweiten Schritt dieser Sitzung gemeinsam eine ma\u00dfgeschneiderte Audiodatei und \u00dcbungen.<br \/>in den Gruppentreffen werden dann die Fortschritte nachgehalten, die \u00dcbungen vertieft, und verbesserte oder weiterf\u00fchrenden \u00dcbungen f\u00fcr das n\u00e4chste Treffen erlernt.<br \/>Die 10te und letzte Sitzung ist dann wieder eine individuelle Hypnotherapiesitzung um das erlernte tief im Unterbewusstsein zu verankern<\/p>\t\t\t\t\t\t\t\t<\/div>\n\t\t\t\t<div class=\"elementor-element elementor-element-1c2f6eb elementor-widget elementor-widget-heading\" data-id=\"1c2f6eb\" data-element_type=\"widget\" data-e-type=\"widget\" data-widget_type=\"heading.default\">\n\t\t\t\t\t<h2 class=\"elementor-heading-title elementor-size-default\">Was k\u00f6nnen Sie erreichen?<\/h2>\t\t\t\t<\/div>\n\t\t\t\t<div class=\"elementor-element elementor-element-5d681da elementor-widget elementor-widget-text-editor\" data-id=\"5d681da\" data-element_type=\"widget\" data-e-type=\"widget\" data-widget_type=\"text-editor.default\">\n\t\t\t\t\t\t\t\t\t<p>In unseren 1-zu-1-Hypnotherapiesitzungen bei chronischen Schmerzen k\u00f6nnen Sie Folgendes erwarten:<\/p><ul><li><strong>Schmerzlinderung:<\/strong>\u00a0Nutzen Sie die Kraft Ihres Unterbewusstseins, um chronische Schmerzen zu lindern und Ihre Lebensqualit\u00e4t zu verbessern.<\/li><li><strong>Stressabbau:<\/strong>\u00a0Finden Sie Ruhe und Ausgeglichenheit in Ihrem t\u00e4glichen Leben, was wiederum Ihre Schmerzwahrnehmung positiv beeinflussen kann.<\/li><li><strong>Verbesserte Schlafqualit\u00e4t:<\/strong>\u00a0Beseitigen Sie die Ursachen der Schlaflosigkeit und sorgen Sie f\u00fcr einen erholsamen, regenerierenden Schlaf, der Ihre Schmerzen lindert.<\/li><li><strong>Erh\u00f6hte Lebensqualit\u00e4t:<\/strong>\u00a0Erzielen Sie eine bessere Lebensqualit\u00e4t durch eine Kombination aus Schmerzmanagement und emotionalem Wohlbefinden.<\/li><\/ul>\t\t\t\t\t\t\t\t<\/div>\n\t\t\t\t<div class=\"elementor-element elementor-element-d3147ed elementor-widget elementor-widget-heading\" data-id=\"d3147ed\" data-element_type=\"widget\" data-e-type=\"widget\" data-widget_type=\"heading.default\">\n\t\t\t\t\t<h2 class=\"elementor-heading-title elementor-size-default\">Was Sie von Ihrer Sitzung erwarten k\u00f6nnen<\/h2>\t\t\t\t<\/div>\n\t\t\t\t<div class=\"elementor-element elementor-element-999c2ed elementor-widget elementor-widget-text-editor\" data-id=\"999c2ed\" data-element_type=\"widget\" data-e-type=\"widget\" data-widget_type=\"text-editor.default\">\n\t\t\t\t\t\t\t\t\t<p>Jede Sitzung dauert in der Regel zwischen 30 und 90 Minuten und beginnt mit einem Gespr\u00e4ch dar\u00fcber, wo Sie derzeit stehen und wo Sie hinm\u00f6chten. Anschlie\u00dfend versetzen wir Sie in eine hypnotische Trance \u2013 einen nat\u00fcrlichen, fokussierten Bewusstseinszustand, in dem Ihr Unterbewusstsein leichter zug\u00e4nglich ist. Wichtig ist, dass Sie w\u00e4hrend der gesamten Sitzung die Kontrolle und das Bewusstsein behalten. Nach der Sitzung besprechen wir gemeinsam Ihre Erfahrungen und planen die n\u00e4chsten Schritte, um Ihre Fortschritte weiter voranzutreiben.<br \/>In den Gruppensitzungen beginnen wir mit der Auswertung der Fortschritte und besprechen m\u00f6gliche Verbesserungen. Dann f\u00fchren wir Sie in die bereits bekannte hypnotische Trance, in der unsere Gruppenerkenntnisse im Unterbewusstsein verankert werden. Wir schlie\u00dfen mit der Planung der n\u00e4chsten Schritte zum weiteren Erfolg.\u00a0<\/p>\t\t\t\t\t\t\t\t<\/div>\n\t\t\t\t<div class=\"elementor-element elementor-element-d7d5b41 elementor-widget elementor-widget-heading\" data-id=\"d7d5b41\" data-element_type=\"widget\" data-e-type=\"widget\" data-widget_type=\"heading.default\">\n\t\t\t\t\t<h2 class=\"elementor-heading-title elementor-size-default\">Warum Sie My Hypnotherapist w\u00e4hlen sollten?<\/h2>\t\t\t\t<\/div>\n\t\t\t\t<div class=\"elementor-element elementor-element-32e1f6c elementor-widget elementor-widget-text-editor\" data-id=\"32e1f6c\" data-element_type=\"widget\" data-e-type=\"widget\" data-widget_type=\"text-editor.default\">\n\t\t\t\t\t\t\t\t\t<ul><li><strong>Erfahrene Hypnotherapeuten:<\/strong>\u00a0Unsere Therapeuten verf\u00fcgen \u00fcber jahrelange, zertifizierte Berufserfahrung.<\/li><li><strong>Personalisierter Ansatz:<\/strong> Wir stellen jede Sitzung auf Sie ab. Wir verwenden Skripte nur f\u00fcr unsere aufgenommenen Programme. Ansonsten passen wir uns an Ihre Bed\u00fcrfnisse an.<\/li><li><strong>Sichere und vertrauliche Atmosph\u00e4re:<\/strong>\u00a0Ihr Komfort, Ihre Privatsph\u00e4re und Ihre emotionale Sicherheit stehen f\u00fcr uns an erster Stelle.<\/li><li><strong>Bew\u00e4hrte Techniken:\u00a0<\/strong>Wir wenden evidenzbasierte Methoden an, die einen nachhaltigen Wandel unterst\u00fctzen.<\/li><\/ul>\t\t\t\t\t\t\t\t<\/div>\n\t\t\t\t<div class=\"elementor-element elementor-element-77f1f3a elementor-widget elementor-widget-heading\" data-id=\"77f1f3a\" data-element_type=\"widget\" data-e-type=\"widget\" data-widget_type=\"heading.default\">\n\t\t\t\t\t<h2 class=\"elementor-heading-title elementor-size-default\">Buchen Sie noch heute Ihre Sitzung<\/h2>\t\t\t\t<\/div>\n\t\t\t\t<div class=\"elementor-element elementor-element-69cd792 elementor-widget elementor-widget-text-editor\" data-id=\"69cd792\" data-element_type=\"widget\" data-e-type=\"widget\" data-widget_type=\"text-editor.default\">\n\t\t\t\t\t\t\t\t\t<p>Sind Sie bereit, den ersten Schritt auf dem Weg zu einem schmerzfreieren Leben zu tun? Buchen Sie noch heute Ihre pers\u00f6nliche 1-zu-1-Hypnosetherapie-Sitzung. Sprechen Sie uns an, um einen Termin zu vereinbaren, oder <a href=\"https:\/\/stefangathmann.setmore.com\">klicken Sie hier f\u00fcr direkte Buchungen.<\/a>Lassen Sie uns gemeinsam Ihre Reise zur Schmerzlinderung und einem besseren Leben beginnen.<\/p>\t\t\t\t\t\t\t\t<\/div>\n\t\t\t\t\t<\/div>\n\t\t\t\t<\/div>\n\t\t\t\t<\/div>","protected":false},"excerpt":{"rendered":"<p>Transform Your Life with Personalised Chronic Pain Management Hypnosis Unlock the Power of Your Subconscious Mind for Pain Relief At My Hypnotherapist, we understand that chronic pain affects everyone uniquely. That&#8217;s why we offer individualised 1-to-1 and group hypnotherapy sessions tailored specifically for people experiencing chronic pain. Our sessions are based on proven techniques such [&hellip;]<\/p>\n","protected":false},"author":2,"featured_media":0,"parent":0,"menu_order":0,"comment_status":"closed","ping_status":"closed","template":"","meta":{"site-sidebar-layout":"no-sidebar","site-content-layout":"page-builder","ast-site-content-layout":"full-width-container","site-content-style":"default","site-sidebar-style":"default","ast-global-header-display":"","ast-banner-title-visibility":"","ast-main-header-display":"","ast-hfb-above-header-display":"","ast-hfb-below-header-display":"","ast-hfb-mobile-header-display":"","site-post-title":"disabled","ast-breadcrumbs-content":"","ast-featured-img":"disabled","footer-sml-layout":"","ast-disable-related-posts":"","theme-transparent-header-meta":"","adv-header-id-meta":"","stick-header-meta":"","header-above-stick-meta":"","header-main-stick-meta":"","header-below-stick-meta":"","astra-migrate-meta-layouts":"set","ast-page-background-enabled":"default","ast-page-background-meta":{"desktop":{"background-color":"var(--ast-global-color-4)","background-image":"","background-repeat":"repeat","background-position":"center center","background-size":"auto","background-attachment":"scroll","background-type":"","background-media":"","overlay-type":"","overlay-color":"","overlay-opacity":"","overlay-gradient":""},"tablet":{"background-color":"","background-image":"","background-repeat":"repeat","background-position":"center center","background-size":"auto","background-attachment":"scroll","background-type":"","background-media":"","overlay-type":"","overlay-color":"","overlay-opacity":"","overlay-gradient":""},"mobile":{"background-color":"","background-image":"","background-repeat":"repeat","background-position":"center center","background-size":"auto","background-attachment":"scroll","background-type":"","background-media":"","overlay-type":"","overlay-color":"","overlay-opacity":"","overlay-gradient":""}},"ast-content-background-meta":{"desktop":{"background-color":"var(--ast-global-color-5)","background-image":"","background-repeat":"repeat","background-position":"center center","background-size":"auto","background-attachment":"scroll","background-type":"","background-media":"","overlay-type":"","overlay-color":"","overlay-opacity":"","overlay-gradient":""},"tablet":{"background-color":"var(--ast-global-color-5)","background-image":"","background-repeat":"repeat","background-position":"center center","background-size":"auto","background-attachment":"scroll","background-type":"","background-media":"","overlay-type":"","overlay-color":"","overlay-opacity":"","overlay-gradient":""},"mobile":{"background-color":"var(--ast-global-color-5)","background-image":"","background-repeat":"repeat","background-position":"center center","background-size":"auto","background-attachment":"scroll","background-type":"","background-media":"","overlay-type":"","overlay-color":"","overlay-opacity":"","overlay-gradient":""}},"footnotes":""},"class_list":["post-3624","page","type-page","status-publish","hentry"],"yoast_head":"<!-- This site is optimized with the Yoast SEO plugin v27.5 - https:\/\/yoast.com\/product\/yoast-seo-wordpress\/ -->\n<title>1 on 1 Hypnotherapy - My Hypnotherapist<\/title>\n<meta name=\"description\" content=\"Experience personalised 1-on-1 hypnotherapy to overcome anxiety, stress, and unwanted habits. Relax, refocus, and achieve lasting change.\" \/>\n<meta name=\"robots\" content=\"index, follow, max-snippet:-1, max-image-preview:large, max-video-preview:-1\" \/>\n<link rel=\"canonical\" href=\"https:\/\/myhypnotherapist.eu\/de\/chronic-pain-management\/\" \/>\n<meta property=\"og:locale\" content=\"de_DE\" \/>\n<meta property=\"og:type\" content=\"article\" \/>\n<meta property=\"og:title\" content=\"1 on 1 Hypnotherapy - My Hypnotherapist\" \/>\n<meta property=\"og:description\" content=\"Experience personalised 1-on-1 hypnotherapy to overcome anxiety, stress, and unwanted habits. Relax, refocus, and achieve lasting change.\" \/>\n<meta property=\"og:url\" content=\"https:\/\/myhypnotherapist.eu\/de\/chronic-pain-management\/\" \/>\n<meta property=\"og:site_name\" content=\"My Hypnotherapist\" \/>\n<meta property=\"article:modified_time\" content=\"2025-05-02T22:24:42+00:00\" \/>\n<meta name=\"twitter:card\" content=\"summary_large_image\" \/>\n<meta name=\"twitter:label1\" content=\"Gesch\u00e4tzte Lesezeit\" \/>\n\t<meta name=\"twitter:data1\" content=\"4\u00a0Minuten\" \/>\n<script type=\"application\/ld+json\" class=\"yoast-schema-graph\">{\"@context\":\"https:\\\/\\\/schema.org\",\"@graph\":[{\"@type\":\"WebPage\",\"@id\":\"https:\\\/\\\/myhypnotherapist.eu\\\/chronic-pain-management\\\/\",\"url\":\"https:\\\/\\\/myhypnotherapist.eu\\\/chronic-pain-management\\\/\",\"name\":\"1 on 1 Hypnotherapy - My Hypnotherapist\",\"isPartOf\":{\"@id\":\"https:\\\/\\\/myhypnotherapist.eu\\\/#website\"},\"datePublished\":\"2025-05-02T22:20:11+00:00\",\"dateModified\":\"2025-05-02T22:24:42+00:00\",\"description\":\"Experience personalised 1-on-1 hypnotherapy to overcome anxiety, stress, and unwanted habits. Relax, refocus, and achieve lasting change.\",\"breadcrumb\":{\"@id\":\"https:\\\/\\\/myhypnotherapist.eu\\\/chronic-pain-management\\\/#breadcrumb\"},\"inLanguage\":\"de\",\"potentialAction\":[{\"@type\":\"ReadAction\",\"target\":[\"https:\\\/\\\/myhypnotherapist.eu\\\/chronic-pain-management\\\/\"]}]},{\"@type\":\"BreadcrumbList\",\"@id\":\"https:\\\/\\\/myhypnotherapist.eu\\\/chronic-pain-management\\\/#breadcrumb\",\"itemListElement\":[{\"@type\":\"ListItem\",\"position\":1,\"name\":\"Home\",\"item\":\"https:\\\/\\\/myhypnotherapist.eu\\\/\"},{\"@type\":\"ListItem\",\"position\":2,\"name\":\"Chronic Pain Management\"}]},{\"@type\":\"WebSite\",\"@id\":\"https:\\\/\\\/myhypnotherapist.eu\\\/#website\",\"url\":\"https:\\\/\\\/myhypnotherapist.eu\\\/\",\"name\":\"My Hypnotherapist\",\"description\":\"\",\"publisher\":{\"@id\":\"https:\\\/\\\/myhypnotherapist.eu\\\/#organization\"},\"potentialAction\":[{\"@type\":\"SearchAction\",\"target\":{\"@type\":\"EntryPoint\",\"urlTemplate\":\"https:\\\/\\\/myhypnotherapist.eu\\\/?s={search_term_string}\"},\"query-input\":{\"@type\":\"PropertyValueSpecification\",\"valueRequired\":true,\"valueName\":\"search_term_string\"}}],\"inLanguage\":\"de\"},{\"@type\":\"Organization\",\"@id\":\"https:\\\/\\\/myhypnotherapist.eu\\\/#organization\",\"name\":\"My Hypnotherapist\",\"url\":\"https:\\\/\\\/myhypnotherapist.eu\\\/\",\"logo\":{\"@type\":\"ImageObject\",\"inLanguage\":\"de\",\"@id\":\"https:\\\/\\\/myhypnotherapist.eu\\\/#\\\/schema\\\/logo\\\/image\\\/\",\"url\":\"https:\\\/\\\/myhypnotherapist.eu\\\/wp-content\\\/uploads\\\/2024\\\/06\\\/MyHypnotherapist-logo-scaled.webp\",\"contentUrl\":\"https:\\\/\\\/myhypnotherapist.eu\\\/wp-content\\\/uploads\\\/2024\\\/06\\\/MyHypnotherapist-logo-scaled.webp\",\"width\":2560,\"height\":1546,\"caption\":\"My Hypnotherapist\"},\"image\":{\"@id\":\"https:\\\/\\\/myhypnotherapist.eu\\\/#\\\/schema\\\/logo\\\/image\\\/\"}}]}<\/script>\n<!-- \/ Yoast SEO plugin. -->","yoast_head_json":{"title":"1 on 1 Hypnotherapy - My Hypnotherapist","description":"Experience personalised 1-on-1 hypnotherapy to overcome anxiety, stress, and unwanted habits. Relax, refocus, and achieve lasting change.","robots":{"index":"index","follow":"follow","max-snippet":"max-snippet:-1","max-image-preview":"max-image-preview:large","max-video-preview":"max-video-preview:-1"},"canonical":"https:\/\/myhypnotherapist.eu\/de\/chronic-pain-management\/","og_locale":"de_DE","og_type":"article","og_title":"1 on 1 Hypnotherapy - My Hypnotherapist","og_description":"Experience personalised 1-on-1 hypnotherapy to overcome anxiety, stress, and unwanted habits. Relax, refocus, and achieve lasting change.","og_url":"https:\/\/myhypnotherapist.eu\/de\/chronic-pain-management\/","og_site_name":"My Hypnotherapist","article_modified_time":"2025-05-02T22:24:42+00:00","twitter_card":"summary_large_image","twitter_misc":{"Gesch\u00e4tzte Lesezeit":"4\u00a0Minuten"},"schema":{"@context":"https:\/\/schema.org","@graph":[{"@type":"WebPage","@id":"https:\/\/myhypnotherapist.eu\/chronic-pain-management\/","url":"https:\/\/myhypnotherapist.eu\/chronic-pain-management\/","name":"1 on 1 Hypnotherapy - My Hypnotherapist","isPartOf":{"@id":"https:\/\/myhypnotherapist.eu\/#website"},"datePublished":"2025-05-02T22:20:11+00:00","dateModified":"2025-05-02T22:24:42+00:00","description":"Experience personalised 1-on-1 hypnotherapy to overcome anxiety, stress, and unwanted habits. Relax, refocus, and achieve lasting change.","breadcrumb":{"@id":"https:\/\/myhypnotherapist.eu\/chronic-pain-management\/#breadcrumb"},"inLanguage":"de","potentialAction":[{"@type":"ReadAction","target":["https:\/\/myhypnotherapist.eu\/chronic-pain-management\/"]}]},{"@type":"BreadcrumbList","@id":"https:\/\/myhypnotherapist.eu\/chronic-pain-management\/#breadcrumb","itemListElement":[{"@type":"ListItem","position":1,"name":"Home","item":"https:\/\/myhypnotherapist.eu\/"},{"@type":"ListItem","position":2,"name":"Chronic Pain Management"}]},{"@type":"WebSite","@id":"https:\/\/myhypnotherapist.eu\/#website","url":"https:\/\/myhypnotherapist.eu\/","name":"My Hypnotherapist (auf gut Deutsch Mein Hypnotherapeut)","description":"","publisher":{"@id":"https:\/\/myhypnotherapist.eu\/#organization"},"potentialAction":[{"@type":"SearchAction","target":{"@type":"EntryPoint","urlTemplate":"https:\/\/myhypnotherapist.eu\/?s={search_term_string}"},"query-input":{"@type":"PropertyValueSpecification","valueRequired":true,"valueName":"search_term_string"}}],"inLanguage":"de"},{"@type":"Organization","@id":"https:\/\/myhypnotherapist.eu\/#organization","name":"My Hypnotherapist (auf gut Deutsch Mein Hypnotherapeut)","url":"https:\/\/myhypnotherapist.eu\/","logo":{"@type":"ImageObject","inLanguage":"de","@id":"https:\/\/myhypnotherapist.eu\/#\/schema\/logo\/image\/","url":"https:\/\/myhypnotherapist.eu\/wp-content\/uploads\/2024\/06\/MyHypnotherapist-logo-scaled.webp","contentUrl":"https:\/\/myhypnotherapist.eu\/wp-content\/uploads\/2024\/06\/MyHypnotherapist-logo-scaled.webp","width":2560,"height":1546,"caption":"My Hypnotherapist"},"image":{"@id":"https:\/\/myhypnotherapist.eu\/#\/schema\/logo\/image\/"}}]}},"_links":{"self":[{"href":"https:\/\/myhypnotherapist.eu\/de\/wp-json\/wp\/v2\/pages\/3624","targetHints":{"allow":["GET"]}}],"collection":[{"href":"https:\/\/myhypnotherapist.eu\/de\/wp-json\/wp\/v2\/pages"}],"about":[{"href":"https:\/\/myhypnotherapist.eu\/de\/wp-json\/wp\/v2\/types\/page"}],"author":[{"embeddable":true,"href":"https:\/\/myhypnotherapist.eu\/de\/wp-json\/wp\/v2\/users\/2"}],"replies":[{"embeddable":true,"href":"https:\/\/myhypnotherapist.eu\/de\/wp-json\/wp\/v2\/comments?post=3624"}],"version-history":[{"count":7,"href":"https:\/\/myhypnotherapist.eu\/de\/wp-json\/wp\/v2\/pages\/3624\/revisions"}],"predecessor-version":[{"id":3633,"href":"https:\/\/myhypnotherapist.eu\/de\/wp-json\/wp\/v2\/pages\/3624\/revisions\/3633"}],"wp:attachment":[{"href":"https:\/\/myhypnotherapist.eu\/de\/wp-json\/wp\/v2\/media?parent=3624"}],"curies":[{"name":"wp","href":"https:\/\/api.w.org\/{rel}","templated":true}]}}