{"id":3037,"date":"2024-07-10T13:53:49","date_gmt":"2024-07-10T13:53:49","guid":{"rendered":"https:\/\/elevatesandbox.click\/?page_id=3037"},"modified":"2025-05-01T12:39:24","modified_gmt":"2025-05-01T12:39:24","slug":"1-on-1-session","status":"publish","type":"page","link":"https:\/\/myhypnotherapist.eu\/de\/1-on-1-session\/","title":{"rendered":"1 zu 1 Sitzung"},"content":{"rendered":"<div data-elementor-type=\"wp-page\" data-elementor-id=\"3037\" class=\"elementor elementor-3037\">\n\t\t\t\t<div class=\"elementor-element elementor-element-c3fe11c e-flex e-con-boxed e-con e-parent\" data-id=\"c3fe11c\" data-element_type=\"container\" data-e-type=\"container\">\n\t\t\t\t\t<div class=\"e-con-inner\">\n\t\t\t\t<div class=\"elementor-element elementor-element-5b29fd7 elementor-widget elementor-widget-heading\" data-id=\"5b29fd7\" data-element_type=\"widget\" data-e-type=\"widget\" data-widget_type=\"heading.default\">\n\t\t\t\t\t<h1 class=\"elementor-heading-title elementor-size-default\">Ver\u00e4ndern Sie Ihr Leben mit personalisierten 1-zu-1-Hypnotherapiesitzungen<\/h1>\t\t\t\t<\/div>\n\t\t\t\t<div class=\"elementor-element elementor-element-8c317f0 elementor-widget elementor-widget-text-editor\" data-id=\"8c317f0\" data-element_type=\"widget\" data-e-type=\"widget\" data-widget_type=\"text-editor.default\">\n\t\t\t\t\t\t\t\t\t<h2><span style=\"color: #000000;\">Entfesseln Sie die Kraft Ihres Unterbewustseins<\/span><\/h2><p>Bei My Hypnotherapist sind wir uns bewusst, dass jeder Mensch einzigartig ist - mit seinen eigenen Herausforderungen und Bestrebungen. Deshalb bieten wir individuelle 1-zu-1-Hypnosetherapiesitzungen an. Sie sind so konzipiert, dass die Sitzungen Ihnen helfen, Hindernisse zu \u00fcberwinden, Ihre Ziele zu erreichen und Ihr allgemeines Wohlbefinden zu steigern. Mit anderen Worten: Wir schneiden jede Sitzung so zu, dass sie die Ver\u00e4nderungen unterst\u00fctzt, die Sie wirklich sehen wollen.<\/p><h2><span style=\"color: #000000;\">Was ist 1-zu-1-Hypnotherapie?<\/span><\/h2><p>Einfach ausgedr\u00fcckt, bietet die 1-zu-1-Hypnotherapie eine sehr pers\u00f6nliche Erfahrung. Sie arbeiten direkt mit einem zertifizierten, erfahrenen Hypnosetherapeuten in einer privaten und unterst\u00fctzenden Umgebung. Im Gegensatz zu Pauschalangeboten gehen wir in jeder Sitzung auf Ihre spezifischen Bed\u00fcrfnisse ein. Ganz gleich, ob Sie \u00c4ngste bew\u00e4ltigen, eine Gewohnheit ablegen, Ihr Selbstvertrauen st\u00e4rken oder Stress abbauen m\u00f6chten, wir helfen Ihnen, die Kraft Ihres Unterbewusstseins anzuzapfen, um sinnvolle, dauerhafte Ver\u00e4nderungen zu bewirken.<\/p><h2><span style=\"color: #000000;\">Wie funktioniert das Ganze?<\/span><\/h2><p>Zun\u00e4chst beginnen wir mit einem entspannten Gespr\u00e4ch \u00fcber Ihre Ziele und Herausforderungen. Dann f\u00fchren wir Sie w\u00e4hrend der Sitzung sanft in einen ruhigen, konzentrierten Zustand. In diesem hypnotischen Zustand wird Ihr Unterbewu\u00dftsein aufnahmef\u00e4higer f\u00fcr positive Suggestionen und erm\u00f6glicht Ihnen den Zugang zu tief sitzenden Mustern und \u00dcberzeugungen. Dadurch erhalten Sie die M\u00f6glichkeit, kraftvolle Ver\u00e4nderungen von innen heraus zu bewirken. W\u00e4hrend des gesamten Prozesses verfolgen wir einen unterst\u00fctzenden, zielgerichteten Ansatz, der auf Sie zugeschnitten ist.<\/p><h2><span style=\"color: #000000;\">Was k\u00f6nnen Sie erreichen?<\/span><\/h2><p>In unseren 1-zu-1-Hypnotherapiesitzungen k\u00f6nnen Sie Folgendes erwarten:<\/p><ul><li><strong>\u00c4ngste und Stress \u00fcberwinden:<\/strong> Finden Sie Ruhe und Ausgeglichenheit in Ihrem t\u00e4glichen Leben.<\/li><li><strong>Unerw\u00fcnschte Gewohnheiten durchbrechen:<\/strong> Nehmen Sie die Kontrolle \u00fcber das Rauchen, \u00fcberm\u00e4\u00dfiges Essen oder andere Verhaltensweisen zur\u00fcck.<\/li><li><strong>St\u00e4rkung von Selbstvertrauen und Selbstwertgef\u00fchl:<\/strong> Tritt mit Klarheit und St\u00e4rke in dein volles Potenzial ein.<\/li><li><strong>Schmerzen bew\u00e4ltigen:<\/strong> Nutzen Sie die Kraft Ihres Unterbewu\u00dftseins, um chronische Schmerzen zu lindern und Ihre Lebensqualit\u00e4t zu verbessern.<\/li><li><strong>Verbessern Sie Ihren Schlaf:<\/strong> Beseitigen Sie die Ursachen der Schlaflosigkeit und sorgen Sie f\u00fcr einen erholsamen, regenerierenden Schlaf.<\/li><li><strong>Steigern Sie Ihre Leistung:<\/strong> Erzielen Sie Spitzenleistungen beim Sport, bei der Arbeit oder im Studium.<\/li><\/ul><h2><span style=\"color: #000000;\">Was Sie von Ihrer Sitzung erwarten k\u00f6nnen<\/span><\/h2><p>Jede Sitzung dauert in der Regel zwischen 30 und 90 Minuten und beginnt mit einem Gespr\u00e4ch dar\u00fcber, wo Sie derzeit stehen und wo Sie hinm\u00f6chten. Anschlie\u00dfend versetzen wir Sie in eine hypnotische Trance \u2013 einen nat\u00fcrlichen, fokussierten Bewusstseinszustand, in dem Ihr Unterbewusstsein leichter zug\u00e4nglich ist. Wichtig ist, dass Sie w\u00e4hrend der gesamten Sitzung die Kontrolle und das Bewusstsein behalten. Nach der Sitzung besprechen wir gemeinsam Ihre Erfahrungen und planen die n\u00e4chsten Schritte, um Ihre Fortschritte weiter voranzutreiben.<\/p><h2><span style=\"color: #000000;\">Warum Sie My Hypnotherapist w\u00e4hlen sollten?<\/span><\/h2><ul><li><strong>Erfahrene Hypnotherapeuten:<\/strong> Unsere Therapeuten verf\u00fcgen \u00fcber jahrelange, zertifizierte Berufserfahrung.<\/li><li><strong>Personalisierter Ansatz:<\/strong> Wir stellen jede Sitzung auf Sie ab. Wir verwenden  Skripte nur f\u00fcr unsere aufgenommenen Programme. Ansonten passen wir uns an Ihre Bed\u00fcrfnisse an.<\/li><li><strong data-start=\"2386\" data-end=\"2419\">Sichere und vertrauliche Atmosph\u00e4re:<\/strong> Ihr Komfort, Ihre Privatsph\u00e4re und Ihre emotionale Sicherheit stehen f\u00fcr uns an erster Stelle.<\/li><li><strong>Bew\u00e4hrte Techniken:<\/strong> Wir wenden evidenzbasierte Methoden an, die einen nachhaltigen Wandel unterst\u00fctzen.<\/li><\/ul><h2><span style=\"color: #000000;\">Buchen Sie noch heute Ihre Sitzung<\/span><\/h2><p>Sind Sie bereit, den ersten Schritt auf dem Weg zu Ihrem besseren Selbst zu tun? Buchen Sie noch heute Ihre pers\u00f6nliche 1-zu-1-Hypnosetherapie-Sitzung. Sprechen Sie uns an, um einen Termin zu vereinbaren oder <a href=\"https:\/\/stefangathmann.setmore.com\/beta\">klicken Sie hier f\u00fcr direkte Buchungen.<\/a>Lassen Sie uns gemeinsam Ihre Reise zur Ver\u00e4nderung beginnen.<\/p>\t\t\t\t\t\t\t\t<\/div>\n\t\t\t\t\t<\/div>\n\t\t\t\t<\/div>\n\t\t\t\t<\/div>","protected":false},"excerpt":{"rendered":"<p>Transform Your Life with Personalized 1-to-1 Hypnotherapy Sessions Unlock the Power of Your Mind At MyHypnotherapist, we recognise that every individual is unique\u2014with their own challenges and aspirations. That\u2019s why we offer personalised 1-to-1 hypnotherapy sessions, thoughtfully designed to help you overcome obstacles, achieve your goals, and enhance your overall well-being. In other words, we [&hellip;]<\/p>\n","protected":false},"author":1,"featured_media":0,"parent":0,"menu_order":0,"comment_status":"closed","ping_status":"closed","template":"","meta":{"site-sidebar-layout":"no-sidebar","site-content-layout":"page-builder","ast-site-content-layout":"full-width-container","site-content-style":"default","site-sidebar-style":"default","ast-global-header-display":"","ast-banner-title-visibility":"","ast-main-header-display":"","ast-hfb-above-header-display":"","ast-hfb-below-header-display":"","ast-hfb-mobile-header-display":"","site-post-title":"disabled","ast-breadcrumbs-content":"","ast-featured-img":"disabled","footer-sml-layout":"","ast-disable-related-posts":"","theme-transparent-header-meta":"","adv-header-id-meta":"","stick-header-meta":"","header-above-stick-meta":"","header-main-stick-meta":"","header-below-stick-meta":"","astra-migrate-meta-layouts":"set","ast-page-background-enabled":"default","ast-page-background-meta":{"desktop":{"background-color":"var(--ast-global-color-4)","background-image":"","background-repeat":"repeat","background-position":"center center","background-size":"auto","background-attachment":"scroll","background-type":"","background-media":"","overlay-type":"","overlay-color":"","overlay-opacity":"","overlay-gradient":""},"tablet":{"background-color":"","background-image":"","background-repeat":"repeat","background-position":"center center","background-size":"auto","background-attachment":"scroll","background-type":"","background-media":"","overlay-type":"","overlay-color":"","overlay-opacity":"","overlay-gradient":""},"mobile":{"background-color":"","background-image":"","background-repeat":"repeat","background-position":"center center","background-size":"auto","background-attachment":"scroll","background-type":"","background-media":"","overlay-type":"","overlay-color":"","overlay-opacity":"","overlay-gradient":""}},"ast-content-background-meta":{"desktop":{"background-color":"var(--ast-global-color-5)","background-image":"","background-repeat":"repeat","background-position":"center center","background-size":"auto","background-attachment":"scroll","background-type":"","background-media":"","overlay-type":"","overlay-color":"","overlay-opacity":"","overlay-gradient":""},"tablet":{"background-color":"var(--ast-global-color-5)","background-image":"","background-repeat":"repeat","background-position":"center center","background-size":"auto","background-attachment":"scroll","background-type":"","background-media":"","overlay-type":"","overlay-color":"","overlay-opacity":"","overlay-gradient":""},"mobile":{"background-color":"var(--ast-global-color-5)","background-image":"","background-repeat":"repeat","background-position":"center center","background-size":"auto","background-attachment":"scroll","background-type":"","background-media":"","overlay-type":"","overlay-color":"","overlay-opacity":"","overlay-gradient":""}},"footnotes":""},"class_list":["post-3037","page","type-page","status-publish","hentry"],"yoast_head":"<!-- This site is optimized with the Yoast SEO plugin v27.4 - https:\/\/yoast.com\/product\/yoast-seo-wordpress\/ -->\n<title>1 on 1 Hypnotherapy - My Hypnotherapist<\/title>\n<meta name=\"description\" content=\"Experience personalised 1-on-1 hypnotherapy to overcome anxiety, stress, and unwanted habits. Relax, refocus, and achieve lasting change.\" \/>\n<meta name=\"robots\" content=\"index, follow, max-snippet:-1, max-image-preview:large, max-video-preview:-1\" \/>\n<link rel=\"canonical\" href=\"https:\/\/myhypnotherapist.eu\/de\/1-on-1-session\/\" \/>\n<meta property=\"og:locale\" content=\"de_DE\" \/>\n<meta property=\"og:type\" content=\"article\" \/>\n<meta property=\"og:title\" content=\"1 on 1 Hypnotherapy - My Hypnotherapist\" \/>\n<meta property=\"og:description\" content=\"Experience personalised 1-on-1 hypnotherapy to overcome anxiety, stress, and unwanted habits. Relax, refocus, and achieve lasting change.\" \/>\n<meta property=\"og:url\" content=\"https:\/\/myhypnotherapist.eu\/de\/1-on-1-session\/\" \/>\n<meta property=\"og:site_name\" content=\"My Hypnotherapist\" \/>\n<meta property=\"article:modified_time\" content=\"2025-05-01T12:39:24+00:00\" \/>\n<meta name=\"twitter:card\" content=\"summary_large_image\" \/>\n<meta name=\"twitter:label1\" content=\"Gesch\u00e4tzte Lesezeit\" \/>\n\t<meta name=\"twitter:data1\" content=\"3\u00a0Minuten\" \/>\n<script type=\"application\/ld+json\" class=\"yoast-schema-graph\">{\"@context\":\"https:\\\/\\\/schema.org\",\"@graph\":[{\"@type\":\"WebPage\",\"@id\":\"https:\\\/\\\/myhypnotherapist.eu\\\/1-on-1-session\\\/\",\"url\":\"https:\\\/\\\/myhypnotherapist.eu\\\/1-on-1-session\\\/\",\"name\":\"1 on 1 Hypnotherapy - My Hypnotherapist\",\"isPartOf\":{\"@id\":\"https:\\\/\\\/myhypnotherapist.eu\\\/#website\"},\"datePublished\":\"2024-07-10T13:53:49+00:00\",\"dateModified\":\"2025-05-01T12:39:24+00:00\",\"description\":\"Experience personalised 1-on-1 hypnotherapy to overcome anxiety, stress, and unwanted habits. Relax, refocus, and achieve lasting change.\",\"breadcrumb\":{\"@id\":\"https:\\\/\\\/myhypnotherapist.eu\\\/1-on-1-session\\\/#breadcrumb\"},\"inLanguage\":\"de\",\"potentialAction\":[{\"@type\":\"ReadAction\",\"target\":[\"https:\\\/\\\/myhypnotherapist.eu\\\/1-on-1-session\\\/\"]}]},{\"@type\":\"BreadcrumbList\",\"@id\":\"https:\\\/\\\/myhypnotherapist.eu\\\/1-on-1-session\\\/#breadcrumb\",\"itemListElement\":[{\"@type\":\"ListItem\",\"position\":1,\"name\":\"Home\",\"item\":\"https:\\\/\\\/myhypnotherapist.eu\\\/\"},{\"@type\":\"ListItem\",\"position\":2,\"name\":\"1 on 1 Session\"}]},{\"@type\":\"WebSite\",\"@id\":\"https:\\\/\\\/myhypnotherapist.eu\\\/#website\",\"url\":\"https:\\\/\\\/myhypnotherapist.eu\\\/\",\"name\":\"My Hypnotherapist\",\"description\":\"\",\"publisher\":{\"@id\":\"https:\\\/\\\/myhypnotherapist.eu\\\/#organization\"},\"potentialAction\":[{\"@type\":\"SearchAction\",\"target\":{\"@type\":\"EntryPoint\",\"urlTemplate\":\"https:\\\/\\\/myhypnotherapist.eu\\\/?s={search_term_string}\"},\"query-input\":{\"@type\":\"PropertyValueSpecification\",\"valueRequired\":true,\"valueName\":\"search_term_string\"}}],\"inLanguage\":\"de\"},{\"@type\":\"Organization\",\"@id\":\"https:\\\/\\\/myhypnotherapist.eu\\\/#organization\",\"name\":\"My Hypnotherapist\",\"url\":\"https:\\\/\\\/myhypnotherapist.eu\\\/\",\"logo\":{\"@type\":\"ImageObject\",\"inLanguage\":\"de\",\"@id\":\"https:\\\/\\\/myhypnotherapist.eu\\\/#\\\/schema\\\/logo\\\/image\\\/\",\"url\":\"https:\\\/\\\/myhypnotherapist.eu\\\/wp-content\\\/uploads\\\/2024\\\/06\\\/MyHypnotherapist-logo-scaled.webp\",\"contentUrl\":\"https:\\\/\\\/myhypnotherapist.eu\\\/wp-content\\\/uploads\\\/2024\\\/06\\\/MyHypnotherapist-logo-scaled.webp\",\"width\":2560,\"height\":1546,\"caption\":\"My Hypnotherapist\"},\"image\":{\"@id\":\"https:\\\/\\\/myhypnotherapist.eu\\\/#\\\/schema\\\/logo\\\/image\\\/\"}}]}<\/script>\n<!-- \/ Yoast SEO plugin. -->","yoast_head_json":{"title":"1 on 1 Hypnotherapy - My Hypnotherapist","description":"Experience personalised 1-on-1 hypnotherapy to overcome anxiety, stress, and unwanted habits. Relax, refocus, and achieve lasting change.","robots":{"index":"index","follow":"follow","max-snippet":"max-snippet:-1","max-image-preview":"max-image-preview:large","max-video-preview":"max-video-preview:-1"},"canonical":"https:\/\/myhypnotherapist.eu\/de\/1-on-1-session\/","og_locale":"de_DE","og_type":"article","og_title":"1 on 1 Hypnotherapy - My Hypnotherapist","og_description":"Experience personalised 1-on-1 hypnotherapy to overcome anxiety, stress, and unwanted habits. Relax, refocus, and achieve lasting change.","og_url":"https:\/\/myhypnotherapist.eu\/de\/1-on-1-session\/","og_site_name":"My Hypnotherapist","article_modified_time":"2025-05-01T12:39:24+00:00","twitter_card":"summary_large_image","twitter_misc":{"Gesch\u00e4tzte Lesezeit":"3\u00a0Minuten"},"schema":{"@context":"https:\/\/schema.org","@graph":[{"@type":"WebPage","@id":"https:\/\/myhypnotherapist.eu\/1-on-1-session\/","url":"https:\/\/myhypnotherapist.eu\/1-on-1-session\/","name":"1 on 1 Hypnotherapy - My Hypnotherapist","isPartOf":{"@id":"https:\/\/myhypnotherapist.eu\/#website"},"datePublished":"2024-07-10T13:53:49+00:00","dateModified":"2025-05-01T12:39:24+00:00","description":"Experience personalised 1-on-1 hypnotherapy to overcome anxiety, stress, and unwanted habits. Relax, refocus, and achieve lasting change.","breadcrumb":{"@id":"https:\/\/myhypnotherapist.eu\/1-on-1-session\/#breadcrumb"},"inLanguage":"de","potentialAction":[{"@type":"ReadAction","target":["https:\/\/myhypnotherapist.eu\/1-on-1-session\/"]}]},{"@type":"BreadcrumbList","@id":"https:\/\/myhypnotherapist.eu\/1-on-1-session\/#breadcrumb","itemListElement":[{"@type":"ListItem","position":1,"name":"Home","item":"https:\/\/myhypnotherapist.eu\/"},{"@type":"ListItem","position":2,"name":"1 on 1 Session"}]},{"@type":"WebSite","@id":"https:\/\/myhypnotherapist.eu\/#website","url":"https:\/\/myhypnotherapist.eu\/","name":"My Hypnotherapist (auf gut Deutsch Mein Hypnotherapeut)","description":"","publisher":{"@id":"https:\/\/myhypnotherapist.eu\/#organization"},"potentialAction":[{"@type":"SearchAction","target":{"@type":"EntryPoint","urlTemplate":"https:\/\/myhypnotherapist.eu\/?s={search_term_string}"},"query-input":{"@type":"PropertyValueSpecification","valueRequired":true,"valueName":"search_term_string"}}],"inLanguage":"de"},{"@type":"Organization","@id":"https:\/\/myhypnotherapist.eu\/#organization","name":"My Hypnotherapist (auf gut Deutsch Mein Hypnotherapeut)","url":"https:\/\/myhypnotherapist.eu\/","logo":{"@type":"ImageObject","inLanguage":"de","@id":"https:\/\/myhypnotherapist.eu\/#\/schema\/logo\/image\/","url":"https:\/\/myhypnotherapist.eu\/wp-content\/uploads\/2024\/06\/MyHypnotherapist-logo-scaled.webp","contentUrl":"https:\/\/myhypnotherapist.eu\/wp-content\/uploads\/2024\/06\/MyHypnotherapist-logo-scaled.webp","width":2560,"height":1546,"caption":"My Hypnotherapist"},"image":{"@id":"https:\/\/myhypnotherapist.eu\/#\/schema\/logo\/image\/"}}]}},"_links":{"self":[{"href":"https:\/\/myhypnotherapist.eu\/de\/wp-json\/wp\/v2\/pages\/3037","targetHints":{"allow":["GET"]}}],"collection":[{"href":"https:\/\/myhypnotherapist.eu\/de\/wp-json\/wp\/v2\/pages"}],"about":[{"href":"https:\/\/myhypnotherapist.eu\/de\/wp-json\/wp\/v2\/types\/page"}],"author":[{"embeddable":true,"href":"https:\/\/myhypnotherapist.eu\/de\/wp-json\/wp\/v2\/users\/1"}],"replies":[{"embeddable":true,"href":"https:\/\/myhypnotherapist.eu\/de\/wp-json\/wp\/v2\/comments?post=3037"}],"version-history":[{"count":31,"href":"https:\/\/myhypnotherapist.eu\/de\/wp-json\/wp\/v2\/pages\/3037\/revisions"}],"predecessor-version":[{"id":3504,"href":"https:\/\/myhypnotherapist.eu\/de\/wp-json\/wp\/v2\/pages\/3037\/revisions\/3504"}],"wp:attachment":[{"href":"https:\/\/myhypnotherapist.eu\/de\/wp-json\/wp\/v2\/media?parent=3037"}],"curies":[{"name":"wp","href":"https:\/\/api.w.org\/{rel}","templated":true}]}}