{"id":2837,"date":"2024-07-08T11:55:18","date_gmt":"2024-07-08T11:55:18","guid":{"rendered":"https:\/\/elevatesandbox.click\/?page_id=2837"},"modified":"2025-05-12T16:05:44","modified_gmt":"2025-05-12T16:05:44","slug":"informed-consent","status":"publish","type":"page","link":"https:\/\/myhypnotherapist.eu\/de\/informed-consent\/","title":{"rendered":"Einwilligung nach Aufkl\u00e4rung"},"content":{"rendered":"<div data-elementor-type=\"wp-page\" data-elementor-id=\"2837\" class=\"elementor elementor-2837\">\n\t\t\t\t<div class=\"elementor-element elementor-element-5af3ae4 e-flex e-con-boxed e-con e-parent\" data-id=\"5af3ae4\" data-element_type=\"container\" data-e-type=\"container\">\n\t\t\t\t\t<div class=\"e-con-inner\">\n\t\t\t\t<div class=\"elementor-element elementor-element-3f197ba elementor-widget elementor-widget-heading\" data-id=\"3f197ba\" data-element_type=\"widget\" data-e-type=\"widget\" data-widget_type=\"heading.default\">\n\t\t\t\t\t<h2 class=\"elementor-heading-title elementor-size-default\"><a href=\"https:\/\/myhypnotherapist.eu\/wp-content\/uploads\/2025\/05\/Einwilligungserklarung-Nach-Aufklarung.pdf\">Einwilligungserkl\u00e4rung nach Aufkl\u00e4rung<\/a><\/h2>\t\t\t\t<\/div>\n\t\t\t\t<div class=\"elementor-element elementor-element-3af087e elementor-widget elementor-widget-text-editor\" data-id=\"3af087e\" data-element_type=\"widget\" data-e-type=\"widget\" data-widget_type=\"text-editor.default\">\n\t\t\t\t\t\t\t\t\t<p>Nachfolgend finden Sie den Inhalt eines der rechtlich erforderlichen Dokumente f\u00fcr die erste Hypnotherapie-Sitzung. Die Einwilligungserkl\u00e4rung selbst enth\u00e4lt einen Unterschriftenbereich. Sie k\u00f6nnen diese herunterladen, indem Sie auf die oben stehende \u00dcberschrift oder den unten stehenden verlinkten Text im Unterschriftenbereich klicken.<\/p>\t\t\t\t\t\t\t\t<\/div>\n\t\t\t\t<div class=\"elementor-element elementor-element-e8cb35d elementor-widget elementor-widget-heading\" data-id=\"e8cb35d\" data-element_type=\"widget\" data-e-type=\"widget\" data-widget_type=\"heading.default\">\n\t\t\t\t\t<h2 class=\"elementor-heading-title elementor-size-default\">Einf\u00fchrung in Hypnotherapie und Mind Coaching<\/h2>\t\t\t\t<\/div>\n\t\t\t\t<div class=\"elementor-element elementor-element-564a815 elementor-widget elementor-widget-text-editor\" data-id=\"564a815\" data-element_type=\"widget\" data-e-type=\"widget\" data-widget_type=\"text-editor.default\">\n\t\t\t\t\t\t\t\t\t<p>Eine informierte Entscheidung dar\u00fcber zu treffen, ob Sie sich f\u00fcr Hypnotherapie und Mind Coaching entscheiden, ist ein wichtiger Teil des Therapievertrags. Der Zweck dieser Einwilligungserkl\u00e4rung nach Aufkl\u00e4rung f\u00fcr Hypnotherapie und Mind Coaching ist es, Sie \u00fcber den Therapieprozess zu informieren und Sie zu sch\u00fctzen. Diese Einwilligungserkl\u00e4rung zusammen mit der Datenschutzerkl\u00e4rung informiert Sie dar\u00fcber, was Sie von unserer Zusammenarbeit erwarten k\u00f6nnen.<\/p>\t\t\t\t\t\t\t\t<\/div>\n\t\t\t\t<div class=\"elementor-element elementor-element-ab6dd9b elementor-widget elementor-widget-heading\" data-id=\"ab6dd9b\" data-element_type=\"widget\" data-e-type=\"widget\" data-widget_type=\"heading.default\">\n\t\t\t\t\t<h2 class=\"elementor-heading-title elementor-size-default\">\u00dcber Hypnotherapie und Mind Coaching<\/h2>\t\t\t\t<\/div>\n\t\t\t\t<div class=\"elementor-element elementor-element-9006bb7 elementor-widget elementor-widget-text-editor\" data-id=\"9006bb7\" data-element_type=\"widget\" data-e-type=\"widget\" data-widget_type=\"text-editor.default\">\n\t\t\t\t\t\t\t\t\t<p>Hypnotherapie und Mind Coaching konzentrieren sich haupts\u00e4chlich darauf, Ihnen zu helfen, spezifische und messbare Ziele zu erreichen, die Ihre t\u00e4glichen Erfahrungen verbessern. Sie helfen Ihnen, Ihr Potenzial zu erkunden und zu entwickeln, um Ihre Gedanken, Gef\u00fchle und Verhaltensweisen besser in den Griff zu bekommen. Durch die gemeinsame Arbeit in einer therapeutischen Beziehung entwickeln Sie als Klient ein ges\u00fcnderes Gef\u00fchl f\u00fcr sich selbst, f\u00fcr andere und f\u00fcr die Welt im Allgemeinen.<\/p>\t\t\t\t\t\t\t\t<\/div>\n\t\t\t\t<div class=\"elementor-element elementor-element-cc15f79 elementor-widget elementor-widget-heading\" data-id=\"cc15f79\" data-element_type=\"widget\" data-e-type=\"widget\" data-widget_type=\"heading.default\">\n\t\t\t\t\t<h2 class=\"elementor-heading-title elementor-size-default\">Meine Verpflichtungen Ihnen gegen\u00fcber:<\/h2>\t\t\t\t<\/div>\n\t\t\t\t<div class=\"elementor-element elementor-element-e264d93 elementor-widget elementor-widget-text-editor\" data-id=\"e264d93\" data-element_type=\"widget\" data-e-type=\"widget\" data-widget_type=\"text-editor.default\">\n\t\t\t\t\t\t\t\t\t<p>Aufgrund meiner Ausbildung und Erfahrung h\u00f6re ich mir Ihr Problem an und helfe Ihnen, es in eine Reihe spezifischer Ziele zu zerlegen, die gemessen und erreicht werden k\u00f6nnen.  Ich werde meine Ausbildung und Erfahrung nutzen, um einen Therapieplan zu entwickeln, der Ihnen hilft, diese Ziele zu erreichen, indem ich Ihnen die Werkzeuge und die Therapie an die Hand gebe, die Sie brauchen, um Ihre Denkweise, Ihre Gef\u00fchle und Ihre Reaktionen auf herausfordernde Situationen zu \u00e4ndern.<\/p><p>Ich werde immer ein offenes Ohr f\u00fcr Ihr Feedback haben und meine Sichtweise entsprechend anpassen.<\/p><p>Meine Verpflichtung Ihnen gegen\u00fcber in Bezug auf Vertraulichkeit und Datenschutz ist in der Datenschutzrichtlinie ausf\u00fchrlich beschrieben. Bei der Weitergabe und Speicherung Ihrer pers\u00f6nlichen Daten halte ich mich an die EU-Datenschutzgrundverordnung (GDPR).<\/p><p>Ich werde mich bem\u00fchen, Sie so weit wie m\u00f6glich im Voraus \u00fcber Urlaube oder die Notwendigkeit, einen zuk\u00fcnftigen Termin neu zu vereinbaren, zu informieren.<\/p>\t\t\t\t\t\t\t\t<\/div>\n\t\t\t\t<div class=\"elementor-element elementor-element-ddfff77 elementor-widget elementor-widget-heading\" data-id=\"ddfff77\" data-element_type=\"widget\" data-e-type=\"widget\" data-widget_type=\"heading.default\">\n\t\t\t\t\t<h2 class=\"elementor-heading-title elementor-size-default\">Ihre Verpflichtungen mir gegen\u00fcber:<\/h2>\t\t\t\t<\/div>\n\t\t\t\t<div class=\"elementor-element elementor-element-b55144e elementor-widget elementor-widget-text-editor\" data-id=\"b55144e\" data-element_type=\"widget\" data-e-type=\"widget\" data-widget_type=\"text-editor.default\">\n\t\t\t\t\t\t\t\t\t<p>Bitte lassen Sie mich wissen, wenn Sie irgendwelche Bedenken bez\u00fcglich unserer gemeinsamen Arbeit haben. Bitte geben Sie mir mindestens 24 Stunden vorher Bescheid, wenn Sie Ihren Termin absagen m\u00fcssen. Wenn Sie nicht oder zu sp\u00e4t zu unserer Sitzung erscheinen, wird Ihnen die Sitzung trotzdem in Rechnung gestellt.<\/p>\t\t\t\t\t\t\t\t<\/div>\n\t\t\t\t<div class=\"elementor-element elementor-element-4504ae0 elementor-widget elementor-widget-heading\" data-id=\"4504ae0\" data-element_type=\"widget\" data-e-type=\"widget\" data-widget_type=\"heading.default\">\n\t\t\t\t\t<h2 class=\"elementor-heading-title elementor-size-default\">Vertraulichkeit in Hypnotherapie und Mind Coaching<\/h2>\t\t\t\t<\/div>\n\t\t\t\t<div class=\"elementor-element elementor-element-b16a108 elementor-widget elementor-widget-text-editor\" data-id=\"b16a108\" data-element_type=\"widget\" data-e-type=\"widget\" data-widget_type=\"text-editor.default\">\n\t\t\t\t\t\t\t\t\t<p>Ich werde alle Ihre Informationen vertraulich und privat behandeln, vorbehaltlich der Gesetze des Staates Irland oder des Landes Ihres Wohnsitzes, falls mir bekannt.  Wenn Sie jedoch Informationen preisgeben, die ein Kind oder Kinder gef\u00e4hrden k\u00f6nnten, bin ich verpflichtet, dies zu melden, wie im Children First Act 2015 festgelegt.<\/p><p>Ich werde Ihre pers\u00f6nlichen Unterlagen sieben Jahre lang sicher aufbewahren. Danach werden sie sicher und gesch\u00fctzt vernichtet, so dass Ihre Anonymit\u00e4t jederzeit gewahrt bleibt<\/p>\t\t\t\t\t\t\t\t<\/div>\n\t\t\t\t<div class=\"elementor-element elementor-element-a9be7ce elementor-widget elementor-widget-heading\" data-id=\"a9be7ce\" data-element_type=\"widget\" data-e-type=\"widget\" data-widget_type=\"heading.default\">\n\t\t\t\t\t<h2 class=\"elementor-heading-title elementor-size-default\">Duale Beziehungen &amp; Soziale Medien<\/h2>\t\t\t\t<\/div>\n\t\t\t\t<div class=\"elementor-element elementor-element-b2967b9 elementor-widget elementor-widget-text-editor\" data-id=\"b2967b9\" data-element_type=\"widget\" data-e-type=\"widget\" data-widget_type=\"text-editor.default\">\n\t\t\t\t\t\t\t\t\t<p>Duale Beziehungen k\u00f6nnen unsere gemeinsame Arbeit im Hinblick auf den therapeutischen Prozess beeintr\u00e4chtigen. Deshalb werde ich unsere gemeinsame Arbeit ohne Ihre schriftliche Zustimmung niemandem gegen\u00fcber erw\u00e4hnen.<\/p><p>Da alle Sitzungen aufgezeichnet werden, werde ich Sie um Erlaubnis bitten, Teile der Sitzung f\u00fcr Bildungszwecke, in sozialen Medien, auf unserer Website, unserem YouTube-Kanal oder in Schulungskursen zu teilen. Ihr Name wird nicht erw\u00e4hnt oder unh\u00f6rbar gemacht. Ihr Gesicht wird unkenntlich gemacht, es sei denn, ein Gesichtsausdruck ist das Thema der Lektion, oder Sie erteilen mir zu Beginn der Aufnahme die Erlaubnis f\u00fcr nicht unkenntlich gemachte Videos.<\/p>\t\t\t\t\t\t\t\t<\/div>\n\t\t\t\t<div class=\"elementor-element elementor-element-1cb64aa elementor-widget elementor-widget-heading\" data-id=\"1cb64aa\" data-element_type=\"widget\" data-e-type=\"widget\" data-widget_type=\"heading.default\">\n\t\t\t\t\t<h2 class=\"elementor-heading-title elementor-size-default\">Geb\u00fchren, Sitzungszeitrahmen &amp; H\u00e4ufigkeit<\/h2>\t\t\t\t<\/div>\n\t\t\t\t<div class=\"elementor-element elementor-element-9dbd601 elementor-widget elementor-widget-text-editor\" data-id=\"9dbd601\" data-element_type=\"widget\" data-e-type=\"widget\" data-widget_type=\"text-editor.default\">\n\t\t\t\t\t\t\t\t\t<p>Die Kosten f\u00fcr die Sitzungen h\u00e4ngen davon ab, worauf wir uns bei der Fallgeschichte einigen. Ich habe Ihnen bereits eine ungef\u00e4hre Angabe zu den Kosten und dem Zeitrahmen gemacht.<\/p>\t\t\t\t\t\t\t\t<\/div>\n\t\t\t\t<div class=\"elementor-element elementor-element-df1be33 elementor-widget elementor-widget-heading\" data-id=\"df1be33\" data-element_type=\"widget\" data-e-type=\"widget\" data-widget_type=\"heading.default\">\n\t\t\t\t\t<h2 class=\"elementor-heading-title elementor-size-default\">Unterschriftenbereich<\/h2>\t\t\t\t<\/div>\n\t\t\t\t<div class=\"elementor-element elementor-element-8700790 elementor-widget elementor-widget-text-editor\" data-id=\"8700790\" data-element_type=\"widget\" data-e-type=\"widget\" data-widget_type=\"text-editor.default\">\n\t\t\t\t\t\t\t\t\t<p>Dieser Abschnitt ist nur auf dem <a href=\"https:\/\/myhypnotherapist.eu\/wp-content\/uploads\/2025\/05\/Einwilligungserklarung-Nach-Aufklarung.pdf\">aktuellen Formular<\/a>vorhanden. Sie k\u00f6nnen dieses <a href=\"https:\/\/myhypnotherapist.eu\/wp-content\/uploads\/2025\/05\/Einwilligungserklarung-Nach-Aufklarung.pdf\">Formular herunterladen<\/a> und zwei unterschriebene Exemplare zu unserer Hypnosetherapie-Sitzung mitbringen, oder Sie bekommen dieses Formular vor unserer physischen Sitzung ausgeh\u00e4ndigt.<br \/>Wenn wir eine Online-Therapiesitzung vereinbaren, muss dieses Formular vor dem geplanten Beginn der Sitzung unterschrieben und per E-Mail an mich geschickt werden, damit ich es gegenzeichnen kann.<\/p>\t\t\t\t\t\t\t\t<\/div>\n\t\t\t\t\t<\/div>\n\t\t\t\t<\/div>\n\t\t\t\t<\/div>","protected":false},"excerpt":{"rendered":"<p>Informed Consent Form Below is the content of one of the legal documents required for the first Hypnotherapy Session. The informed consent form itself contains a signature section. You can download this by clicking on the heading above or the linked text below in the Signature section Introduction to Hypnotherapy and Mind Coaching Making an [&hellip;]<\/p>\n","protected":false},"author":1,"featured_media":0,"parent":0,"menu_order":0,"comment_status":"closed","ping_status":"closed","template":"","meta":{"site-sidebar-layout":"no-sidebar","site-content-layout":"page-builder","ast-site-content-layout":"full-width-container","site-content-style":"default","site-sidebar-style":"default","ast-global-header-display":"","ast-banner-title-visibility":"","ast-main-header-display":"","ast-hfb-above-header-display":"","ast-hfb-below-header-display":"","ast-hfb-mobile-header-display":"","site-post-title":"disabled","ast-breadcrumbs-content":"","ast-featured-img":"disabled","footer-sml-layout":"","ast-disable-related-posts":"","theme-transparent-header-meta":"disabled","adv-header-id-meta":"","stick-header-meta":"","header-above-stick-meta":"","header-main-stick-meta":"","header-below-stick-meta":"","astra-migrate-meta-layouts":"set","ast-page-background-enabled":"default","ast-page-background-meta":{"desktop":{"background-color":"var(--ast-global-color-4)","background-image":"","background-repeat":"repeat","background-position":"center center","background-size":"auto","background-attachment":"scroll","background-type":"","background-media":"","overlay-type":"","overlay-color":"","overlay-opacity":"","overlay-gradient":""},"tablet":{"background-color":"","background-image":"","background-repeat":"repeat","background-position":"center center","background-size":"auto","background-attachment":"scroll","background-type":"","background-media":"","overlay-type":"","overlay-color":"","overlay-opacity":"","overlay-gradient":""},"mobile":{"background-color":"","background-image":"","background-repeat":"repeat","background-position":"center center","background-size":"auto","background-attachment":"scroll","background-type":"","background-media":"","overlay-type":"","overlay-color":"","overlay-opacity":"","overlay-gradient":""}},"ast-content-background-meta":{"desktop":{"background-color":"var(--ast-global-color-5)","background-image":"","background-repeat":"repeat","background-position":"center center","background-size":"auto","background-attachment":"scroll","background-type":"","background-media":"","overlay-type":"","overlay-color":"","overlay-opacity":"","overlay-gradient":""},"tablet":{"background-color":"var(--ast-global-color-5)","background-image":"","background-repeat":"repeat","background-position":"center center","background-size":"auto","background-attachment":"scroll","background-type":"","background-media":"","overlay-type":"","overlay-color":"","overlay-opacity":"","overlay-gradient":""},"mobile":{"background-color":"var(--ast-global-color-5)","background-image":"","background-repeat":"repeat","background-position":"center center","background-size":"auto","background-attachment":"scroll","background-type":"","background-media":"","overlay-type":"","overlay-color":"","overlay-opacity":"","overlay-gradient":""}},"footnotes":""},"class_list":["post-2837","page","type-page","status-publish","hentry"],"yoast_head":"<!-- This site is optimized with the Yoast SEO plugin v27.4 - https:\/\/yoast.com\/product\/yoast-seo-wordpress\/ -->\n<title>Informed Consent - My Hypnotherapist<\/title>\n<meta name=\"description\" content=\"Understand the importance of informed consent in hypnotherapy. Learn about our ethical practices, client rights, and what to expect.\" \/>\n<meta name=\"robots\" content=\"index, follow, max-snippet:-1, max-image-preview:large, max-video-preview:-1\" \/>\n<link rel=\"canonical\" href=\"https:\/\/myhypnotherapist.eu\/de\/informed-consent\/\" \/>\n<meta property=\"og:locale\" content=\"de_DE\" \/>\n<meta property=\"og:type\" content=\"article\" \/>\n<meta property=\"og:title\" content=\"Informed Consent - My Hypnotherapist\" \/>\n<meta property=\"og:description\" content=\"Understand the importance of informed consent in hypnotherapy. Learn about our ethical practices, client rights, and what to expect.\" \/>\n<meta property=\"og:url\" content=\"https:\/\/myhypnotherapist.eu\/de\/informed-consent\/\" \/>\n<meta property=\"og:site_name\" content=\"My Hypnotherapist\" \/>\n<meta property=\"article:modified_time\" content=\"2025-05-12T16:05:44+00:00\" \/>\n<meta name=\"twitter:card\" content=\"summary_large_image\" \/>\n<meta name=\"twitter:label1\" content=\"Gesch\u00e4tzte Lesezeit\" \/>\n\t<meta name=\"twitter:data1\" content=\"3\u00a0Minuten\" \/>\n<script type=\"application\/ld+json\" class=\"yoast-schema-graph\">{\"@context\":\"https:\\\/\\\/schema.org\",\"@graph\":[{\"@type\":\"WebPage\",\"@id\":\"https:\\\/\\\/myhypnotherapist.eu\\\/informed-consent\\\/\",\"url\":\"https:\\\/\\\/myhypnotherapist.eu\\\/informed-consent\\\/\",\"name\":\"Informed Consent - My Hypnotherapist\",\"isPartOf\":{\"@id\":\"https:\\\/\\\/myhypnotherapist.eu\\\/#website\"},\"datePublished\":\"2024-07-08T11:55:18+00:00\",\"dateModified\":\"2025-05-12T16:05:44+00:00\",\"description\":\"Understand the importance of informed consent in hypnotherapy. Learn about our ethical practices, client rights, and what to expect.\",\"breadcrumb\":{\"@id\":\"https:\\\/\\\/myhypnotherapist.eu\\\/informed-consent\\\/#breadcrumb\"},\"inLanguage\":\"de\",\"potentialAction\":[{\"@type\":\"ReadAction\",\"target\":[\"https:\\\/\\\/myhypnotherapist.eu\\\/informed-consent\\\/\"]}]},{\"@type\":\"BreadcrumbList\",\"@id\":\"https:\\\/\\\/myhypnotherapist.eu\\\/informed-consent\\\/#breadcrumb\",\"itemListElement\":[{\"@type\":\"ListItem\",\"position\":1,\"name\":\"Home\",\"item\":\"https:\\\/\\\/myhypnotherapist.eu\\\/\"},{\"@type\":\"ListItem\",\"position\":2,\"name\":\"Informed Consent\"}]},{\"@type\":\"WebSite\",\"@id\":\"https:\\\/\\\/myhypnotherapist.eu\\\/#website\",\"url\":\"https:\\\/\\\/myhypnotherapist.eu\\\/\",\"name\":\"My Hypnotherapist\",\"description\":\"\",\"publisher\":{\"@id\":\"https:\\\/\\\/myhypnotherapist.eu\\\/#organization\"},\"potentialAction\":[{\"@type\":\"SearchAction\",\"target\":{\"@type\":\"EntryPoint\",\"urlTemplate\":\"https:\\\/\\\/myhypnotherapist.eu\\\/?s={search_term_string}\"},\"query-input\":{\"@type\":\"PropertyValueSpecification\",\"valueRequired\":true,\"valueName\":\"search_term_string\"}}],\"inLanguage\":\"de\"},{\"@type\":\"Organization\",\"@id\":\"https:\\\/\\\/myhypnotherapist.eu\\\/#organization\",\"name\":\"My Hypnotherapist\",\"url\":\"https:\\\/\\\/myhypnotherapist.eu\\\/\",\"logo\":{\"@type\":\"ImageObject\",\"inLanguage\":\"de\",\"@id\":\"https:\\\/\\\/myhypnotherapist.eu\\\/#\\\/schema\\\/logo\\\/image\\\/\",\"url\":\"https:\\\/\\\/myhypnotherapist.eu\\\/wp-content\\\/uploads\\\/2024\\\/06\\\/MyHypnotherapist-logo-scaled.webp\",\"contentUrl\":\"https:\\\/\\\/myhypnotherapist.eu\\\/wp-content\\\/uploads\\\/2024\\\/06\\\/MyHypnotherapist-logo-scaled.webp\",\"width\":2560,\"height\":1546,\"caption\":\"My Hypnotherapist\"},\"image\":{\"@id\":\"https:\\\/\\\/myhypnotherapist.eu\\\/#\\\/schema\\\/logo\\\/image\\\/\"}}]}<\/script>\n<!-- \/ Yoast SEO plugin. -->","yoast_head_json":{"title":"Informed Consent - My Hypnotherapist","description":"Understand the importance of informed consent in hypnotherapy. Learn about our ethical practices, client rights, and what to expect.","robots":{"index":"index","follow":"follow","max-snippet":"max-snippet:-1","max-image-preview":"max-image-preview:large","max-video-preview":"max-video-preview:-1"},"canonical":"https:\/\/myhypnotherapist.eu\/de\/informed-consent\/","og_locale":"de_DE","og_type":"article","og_title":"Informed Consent - My Hypnotherapist","og_description":"Understand the importance of informed consent in hypnotherapy. Learn about our ethical practices, client rights, and what to expect.","og_url":"https:\/\/myhypnotherapist.eu\/de\/informed-consent\/","og_site_name":"My Hypnotherapist","article_modified_time":"2025-05-12T16:05:44+00:00","twitter_card":"summary_large_image","twitter_misc":{"Gesch\u00e4tzte Lesezeit":"3\u00a0Minuten"},"schema":{"@context":"https:\/\/schema.org","@graph":[{"@type":"WebPage","@id":"https:\/\/myhypnotherapist.eu\/informed-consent\/","url":"https:\/\/myhypnotherapist.eu\/informed-consent\/","name":"Informed Consent - My Hypnotherapist","isPartOf":{"@id":"https:\/\/myhypnotherapist.eu\/#website"},"datePublished":"2024-07-08T11:55:18+00:00","dateModified":"2025-05-12T16:05:44+00:00","description":"Understand the importance of informed consent in hypnotherapy. Learn about our ethical practices, client rights, and what to expect.","breadcrumb":{"@id":"https:\/\/myhypnotherapist.eu\/informed-consent\/#breadcrumb"},"inLanguage":"de","potentialAction":[{"@type":"ReadAction","target":["https:\/\/myhypnotherapist.eu\/informed-consent\/"]}]},{"@type":"BreadcrumbList","@id":"https:\/\/myhypnotherapist.eu\/informed-consent\/#breadcrumb","itemListElement":[{"@type":"ListItem","position":1,"name":"Home","item":"https:\/\/myhypnotherapist.eu\/"},{"@type":"ListItem","position":2,"name":"Informed Consent"}]},{"@type":"WebSite","@id":"https:\/\/myhypnotherapist.eu\/#website","url":"https:\/\/myhypnotherapist.eu\/","name":"My Hypnotherapist (auf gut Deutsch Mein Hypnotherapeut)","description":"","publisher":{"@id":"https:\/\/myhypnotherapist.eu\/#organization"},"potentialAction":[{"@type":"SearchAction","target":{"@type":"EntryPoint","urlTemplate":"https:\/\/myhypnotherapist.eu\/?s={search_term_string}"},"query-input":{"@type":"PropertyValueSpecification","valueRequired":true,"valueName":"search_term_string"}}],"inLanguage":"de"},{"@type":"Organization","@id":"https:\/\/myhypnotherapist.eu\/#organization","name":"My Hypnotherapist (auf gut Deutsch Mein Hypnotherapeut)","url":"https:\/\/myhypnotherapist.eu\/","logo":{"@type":"ImageObject","inLanguage":"de","@id":"https:\/\/myhypnotherapist.eu\/#\/schema\/logo\/image\/","url":"https:\/\/myhypnotherapist.eu\/wp-content\/uploads\/2024\/06\/MyHypnotherapist-logo-scaled.webp","contentUrl":"https:\/\/myhypnotherapist.eu\/wp-content\/uploads\/2024\/06\/MyHypnotherapist-logo-scaled.webp","width":2560,"height":1546,"caption":"My Hypnotherapist"},"image":{"@id":"https:\/\/myhypnotherapist.eu\/#\/schema\/logo\/image\/"}}]}},"_links":{"self":[{"href":"https:\/\/myhypnotherapist.eu\/de\/wp-json\/wp\/v2\/pages\/2837","targetHints":{"allow":["GET"]}}],"collection":[{"href":"https:\/\/myhypnotherapist.eu\/de\/wp-json\/wp\/v2\/pages"}],"about":[{"href":"https:\/\/myhypnotherapist.eu\/de\/wp-json\/wp\/v2\/types\/page"}],"author":[{"embeddable":true,"href":"https:\/\/myhypnotherapist.eu\/de\/wp-json\/wp\/v2\/users\/1"}],"replies":[{"embeddable":true,"href":"https:\/\/myhypnotherapist.eu\/de\/wp-json\/wp\/v2\/comments?post=2837"}],"version-history":[{"count":39,"href":"https:\/\/myhypnotherapist.eu\/de\/wp-json\/wp\/v2\/pages\/2837\/revisions"}],"predecessor-version":[{"id":3678,"href":"https:\/\/myhypnotherapist.eu\/de\/wp-json\/wp\/v2\/pages\/2837\/revisions\/3678"}],"wp:attachment":[{"href":"https:\/\/myhypnotherapist.eu\/de\/wp-json\/wp\/v2\/media?parent=2837"}],"curies":[{"name":"wp","href":"https:\/\/api.w.org\/{rel}","templated":true}]}}