{"id":2666,"date":"2024-07-02T14:30:11","date_gmt":"2024-07-02T14:30:11","guid":{"rendered":"https:\/\/elevatesandbox.click\/?page_id=2666"},"modified":"2025-05-01T11:11:50","modified_gmt":"2025-05-01T11:11:50","slug":"hypnotherapist-and-life-coach-annette","status":"publish","type":"page","link":"https:\/\/myhypnotherapist.eu\/de\/hypnotherapist-and-life-coach-annette\/","title":{"rendered":"Annette"},"content":{"rendered":"<div data-elementor-type=\"wp-page\" data-elementor-id=\"2666\" class=\"elementor elementor-2666\">\n\t\t\t\t<div class=\"elementor-element elementor-element-2dcdc30d e-con-full e-flex e-con e-parent\" data-id=\"2dcdc30d\" data-element_type=\"container\" data-e-type=\"container\" data-settings=\"{&quot;background_background&quot;:&quot;classic&quot;}\">\n\t\t<div class=\"elementor-element elementor-element-2fcfc34c e-con-full e-flex e-con e-child\" data-id=\"2fcfc34c\" data-element_type=\"container\" data-e-type=\"container\">\n\t\t\t\t<div class=\"elementor-element elementor-element-55928235 elementor-widget elementor-widget-heading\" data-id=\"55928235\" data-element_type=\"widget\" data-e-type=\"widget\" data-widget_type=\"heading.default\">\n\t\t\t\t\t<h1 class=\"elementor-heading-title elementor-size-default\">Treffen Sie die Hypnotherapeutin und Lebensberaterin Annette Manuela Malzahn-Gathmann<\/h1>\t\t\t\t<\/div>\n\t\t\t\t<div class=\"elementor-element elementor-element-142b074 elementor-widget-divider--view-line elementor-widget elementor-widget-divider\" data-id=\"142b074\" data-element_type=\"widget\" data-e-type=\"widget\" data-widget_type=\"divider.default\">\n\t\t\t\t\t\t\t<div class=\"elementor-divider\">\n\t\t\t<span class=\"elementor-divider-separator\">\n\t\t\t\t\t\t<\/span>\n\t\t<\/div>\n\t\t\t\t\t\t<\/div>\n\t\t\t\t<div class=\"elementor-element elementor-element-27f7c177 elementor-widget elementor-widget-text-editor\" data-id=\"27f7c177\" data-element_type=\"widget\" data-e-type=\"widget\" data-widget_type=\"text-editor.default\">\n\t\t\t\t\t\t\t\t\t<p>Ein herzliches Willkommen! Mein Name ist <strong data-start=\"294\" data-end=\"330\">Annette Manuela Malzahn-Gathmann<\/strong>, und ich stelle mich stolz als <strong data-start=\"370\" data-end=\"411\">Hypnotherapeutin und psychologische (Lebens)beraterin<\/strong>vor. Meine Leidenschaft ist es, Menschen durch individuelle Hypnotherapie und (psychologische) Lebensberatung zu st\u00e4rken. Als Partner von <em data-start=\"527\" data-end=\"546\">My Hypnotherapist (auf gut Deutsch Mein Hypnotherapeut)<\/em> und Begr\u00fcnderin und Gesch\u00e4ftsf\u00fchrende der ehemaligen <em data-start=\"580\" data-end=\"602\">AMG-Trinity Coaching<\/em>bringe ich jahrzehntelange Erfahrung in die Arbeit mit meinen Klienten ein.<\/p>\t\t\t\t\t\t\t\t<\/div>\n\t\t\t\t<div class=\"elementor-element elementor-element-c23c20b elementor-widget elementor-widget-heading\" data-id=\"c23c20b\" data-element_type=\"widget\" data-e-type=\"widget\" data-widget_type=\"heading.default\">\n\t\t\t\t\t<h2 class=\"elementor-heading-title elementor-size-default\">Eine in Mitgef\u00fchl verwurzelte Reise<\/h2>\t\t\t\t<\/div>\n\t\t\t\t<div class=\"elementor-element elementor-element-8707d1c elementor-widget elementor-widget-text-editor\" data-id=\"8707d1c\" data-element_type=\"widget\" data-e-type=\"widget\" data-widget_type=\"text-editor.default\">\n\t\t\t\t\t\t\t\t\t<p>Geboren und aufgewachsen im Rheinland, in der N\u00e4he der historischen Stadt Aachen in Deutschland, lebe ich seit 2008 im sch\u00f6nen Irland. Mein geliebter Ehemann und mein wundervolles Kind sind w\u00e4hrend meiner gesamten Reise meine gr\u00f6\u00dfte Inspiration und St\u00e4rke geblieben. Im November 2018 habe ich beschlossen, meine <em data-start=\"1009\" data-end=\"1031\">AMG-Trinity Coaching<\/em> mit <em data-start=\"1037\" data-end=\"1056\">My Hypnotherapist (auf gut Deutsch Mein Hypnotherapeut)<\/em>zu fusionieren und so eine st\u00e4rkere Plattform zu schaffen, um anderen zu helfen.<\/p>\t\t\t\t\t\t\t\t<\/div>\n\t\t\t\t<div class=\"elementor-element elementor-element-dc689b7 elementor-widget elementor-widget-heading\" data-id=\"dc689b7\" data-element_type=\"widget\" data-e-type=\"widget\" data-widget_type=\"heading.default\">\n\t\t\t\t\t<h2 class=\"elementor-heading-title elementor-size-default\">Beruflicher Hintergrund von Hypnotherapeutin und Life Coach Annette<\/h2>\t\t\t\t<\/div>\n\t\t\t\t<div class=\"elementor-element elementor-element-8794166 elementor-widget elementor-widget-text-editor\" data-id=\"8794166\" data-element_type=\"widget\" data-e-type=\"widget\" data-widget_type=\"text-editor.default\">\n\t\t\t\t\t\t\t\t\t<p>Seit Mai 2011 bin ich als Seelsorgerin und psychologische Beraterin t\u00e4tig. Bevor ich nach Irland zog, war ich als Vikarin und Pastorin im Probedienst f\u00fcr die <em data-start=\"1311\" data-end=\"1345\">Evangelische Kirche im Rheinland t\u00e4tig.<\/em> Zwischen 2001 und 2008 habe ich in Dinslaken, Inden und Langerwehe gearbeitet. Dar\u00fcber hinaus begann mein Weg in den Pfarrdienst schon fr\u00fcher, als ich von 1999 bis 2001 in D\u00fcsseldorf Lierenfeld ausgebildet wurde. Mein Theologiestudium f\u00fchrte mich zun\u00e4chst nach Wuppertal (Kirchliche Hochschule) und dann nach Bonn (Rheinische Friedrich-Wilhelms-Universit\u00e4t).<\/p>\t\t\t\t\t\t\t\t<\/div>\n\t\t\t\t<div class=\"elementor-element elementor-element-e9dac4c elementor-widget elementor-widget-heading\" data-id=\"e9dac4c\" data-element_type=\"widget\" data-e-type=\"widget\" data-widget_type=\"heading.default\">\n\t\t\t\t\t<h2 class=\"elementor-heading-title elementor-size-default\">Mehrsprachige F\u00e4higkeiten und Interessen<\/h2>\t\t\t\t<\/div>\n\t\t\t\t<div class=\"elementor-element elementor-element-26e4816 elementor-widget elementor-widget-text-editor\" data-id=\"26e4816\" data-element_type=\"widget\" data-e-type=\"widget\" data-widget_type=\"text-editor.default\">\n\t\t\t\t\t\t\t\t\t<p>Als <strong data-start=\"1748\" data-end=\"1789\">Hypnotherapeutin und psychologische (Lebens)beraterin<\/strong>lege ich gro\u00dfen Wert auf Kommunikation. Ich spreche Deutsch als Muttersprache. Zus\u00e4tzlich spreche ich Englisch auf Gesch\u00e4ftsniveau und Spanisch auf fortgeschrittenem Niveau. Auch in Niederl\u00e4ndisch und Franz\u00f6sisch habe ich gute Grundlagen. Meine theologische Ausbildung verschaffte mir zudem Latein, Altgriechisch und biblisches Hebr\u00e4isch, die mir auch heute noch n\u00fctzlich sind.<\/p>\t\t\t\t\t\t\t\t<\/div>\n\t\t\t\t<div class=\"elementor-element elementor-element-0b9205f elementor-widget elementor-widget-heading\" data-id=\"0b9205f\" data-element_type=\"widget\" data-e-type=\"widget\" data-widget_type=\"heading.default\">\n\t\t\t\t\t<h2 class=\"elementor-heading-title elementor-size-default\">Eine Leidenschaft f\u00fcr das Leben und Lernen<\/h2>\t\t\t\t<\/div>\n\t\t\t\t<div class=\"elementor-element elementor-element-8b416ca elementor-widget elementor-widget-text-editor\" data-id=\"8b416ca\" data-element_type=\"widget\" data-e-type=\"widget\" data-widget_type=\"text-editor.default\">\n\t\t\t\t\t\t\t\t\t<p class=\"\" data-start=\"2195\" data-end=\"2513\">Au\u00dferhalb meines Berufslebens finde ich gro\u00dfe Freude an Musik und Tanz. In meiner Freizeit engagiere ich mich als Pastorin im Ehrenamt in Kirchengemeinden wie St. Finian's in Dublin und Christ Church Delgany. Au\u00dferdem interessiere ich mich sehr f\u00fcr Lesen, Sprachen, Theologie, Psychologie und Geschichte. Diese Leidenschaften bereichern st\u00e4ndig mein pers\u00f6nliches Wachstum und unterst\u00fctzen meine Arbeit als Hypnotherapeutin und psychologische Beraterin.<\/p>\t\t\t\t\t\t\t\t<\/div>\n\t\t\t\t<div class=\"elementor-element elementor-element-3cf8a7d8 elementor-align-center elementor-widget elementor-widget-button\" data-id=\"3cf8a7d8\" data-element_type=\"widget\" data-e-type=\"widget\" data-widget_type=\"button.default\">\n\t\t\t\t\t\t\t\t\t\t<a class=\"elementor-button elementor-button-link elementor-size-sm\" href=\"https:\/\/stefangathmann.setmore.com\/\" target=\"_blank\">\n\t\t\t\t\t\t<span class=\"elementor-button-content-wrapper\">\n\t\t\t\t\t\t\t\t\t<span class=\"elementor-button-text\">Buchen Sie jetzt<\/span>\n\t\t\t\t\t<\/span>\n\t\t\t\t\t<\/a>\n\t\t\t\t\t\t\t\t<\/div>\n\t\t\t\t<div class=\"elementor-element elementor-element-13da7f5 elementor-widget elementor-widget-html\" data-id=\"13da7f5\" data-element_type=\"widget\" data-e-type=\"widget\" data-widget_type=\"html.default\">\n\t\t\t\t\t<a style=\"color: black; text-decoration: underline;\" href=\"https:\/\/myhypnotherapist.eu\/de\/providing-professional-hypnotherapy-in-wicklow\/\">Zur\u00fcck zu allen Team Mitgliedern<\/a>\t\t\t\t<\/div>\n\t\t\t\t<\/div>\n\t\t\t\t<div class=\"elementor-element elementor-element-407b77 elementor-widget__width-initial elementor-widget-tablet__width-inherit elementor-widget elementor-widget-image\" data-id=\"407b77\" data-element_type=\"widget\" data-e-type=\"widget\" data-widget_type=\"image.default\">\n\t\t\t\t\t\t\t\t\t\t\t\t<figure class=\"wp-caption\">\n\t\t\t\t\t\t\t\t\t\t<img fetchpriority=\"high\" decoding=\"async\" width=\"472\" height=\"709\" src=\"https:\/\/myhypnotherapist.eu\/wp-content\/uploads\/2024\/07\/PastorAnnetteMalzahn-Gathmann.jpg\" class=\"attachment-full size-full wp-image-2748\" alt=\"Hypnotherapist Annette\" srcset=\"https:\/\/myhypnotherapist.eu\/wp-content\/uploads\/2024\/07\/PastorAnnetteMalzahn-Gathmann.jpg 472w, https:\/\/myhypnotherapist.eu\/wp-content\/uploads\/2024\/07\/PastorAnnetteMalzahn-Gathmann-200x300.jpg 200w\" sizes=\"(max-width: 472px) 100vw, 472px\" \/>\t\t\t\t\t\t\t\t\t\t\t<figcaption class=\"widget-image-caption wp-caption-text\">Hypnotherapeutin und psychologische (Lebens)beraterin<\/figcaption>\n\t\t\t\t\t\t\t\t\t\t<\/figure>\n\t\t\t\t\t\t\t\t\t<\/div>\n\t\t\t\t<\/div>\n\t\t\t\t<\/div>","protected":false},"excerpt":{"rendered":"<p>Meet Hypnotherapist and Life Coach Annette Manuela Malzahn-Gathmann Welcome! My name is Annette Manuela Malzahn-Gathmann, and I am proud to introduce myself as Hypnotherapist and Life Coach Annette. I am passionate about empowering individuals through personalised hypnotherapy and life coaching. As a Partner of My Hypnotherapist and founder and MD of the former AMG-Trinity Coaching, [&hellip;]<\/p>\n","protected":false},"author":1,"featured_media":0,"parent":0,"menu_order":0,"comment_status":"closed","ping_status":"closed","template":"","meta":{"site-sidebar-layout":"no-sidebar","site-content-layout":"page-builder","ast-site-content-layout":"full-width-container","site-content-style":"default","site-sidebar-style":"default","ast-global-header-display":"","ast-banner-title-visibility":"","ast-main-header-display":"","ast-hfb-above-header-display":"","ast-hfb-below-header-display":"","ast-hfb-mobile-header-display":"","site-post-title":"disabled","ast-breadcrumbs-content":"","ast-featured-img":"disabled","footer-sml-layout":"","ast-disable-related-posts":"","theme-transparent-header-meta":"","adv-header-id-meta":"","stick-header-meta":"","header-above-stick-meta":"","header-main-stick-meta":"","header-below-stick-meta":"","astra-migrate-meta-layouts":"set","ast-page-background-enabled":"default","ast-page-background-meta":{"desktop":{"background-color":"var(--ast-global-color-4)","background-image":"","background-repeat":"repeat","background-position":"center center","background-size":"auto","background-attachment":"scroll","background-type":"","background-media":"","overlay-type":"","overlay-color":"","overlay-opacity":"","overlay-gradient":""},"tablet":{"background-color":"","background-image":"","background-repeat":"repeat","background-position":"center center","background-size":"auto","background-attachment":"scroll","background-type":"","background-media":"","overlay-type":"","overlay-color":"","overlay-opacity":"","overlay-gradient":""},"mobile":{"background-color":"","background-image":"","background-repeat":"repeat","background-position":"center center","background-size":"auto","background-attachment":"scroll","background-type":"","background-media":"","overlay-type":"","overlay-color":"","overlay-opacity":"","overlay-gradient":""}},"ast-content-background-meta":{"desktop":{"background-color":"var(--ast-global-color-5)","background-image":"","background-repeat":"repeat","background-position":"center center","background-size":"auto","background-attachment":"scroll","background-type":"","background-media":"","overlay-type":"","overlay-color":"","overlay-opacity":"","overlay-gradient":""},"tablet":{"background-color":"var(--ast-global-color-5)","background-image":"","background-repeat":"repeat","background-position":"center center","background-size":"auto","background-attachment":"scroll","background-type":"","background-media":"","overlay-type":"","overlay-color":"","overlay-opacity":"","overlay-gradient":""},"mobile":{"background-color":"var(--ast-global-color-5)","background-image":"","background-repeat":"repeat","background-position":"center center","background-size":"auto","background-attachment":"scroll","background-type":"","background-media":"","overlay-type":"","overlay-color":"","overlay-opacity":"","overlay-gradient":""}},"footnotes":""},"class_list":["post-2666","page","type-page","status-publish","hentry"],"yoast_head":"<!-- This site is optimized with the Yoast SEO plugin v27.4 - https:\/\/yoast.com\/product\/yoast-seo-wordpress\/ -->\n<title>Hypnotherapist and Life Coach Annette - My Hypnotherapist<\/title>\n<meta name=\"description\" content=\"Meet Annette, a professional hypnotherapist, pastor and life coach, dedicated to helping you overcome anxiety, stress, and unwanted habits.\" \/>\n<meta name=\"robots\" content=\"index, follow, max-snippet:-1, max-image-preview:large, max-video-preview:-1\" \/>\n<link rel=\"canonical\" href=\"https:\/\/myhypnotherapist.eu\/de\/hypnotherapist-and-life-coach-annette\/\" \/>\n<meta property=\"og:locale\" content=\"de_DE\" \/>\n<meta property=\"og:type\" content=\"article\" \/>\n<meta property=\"og:title\" content=\"Hypnotherapist and Life Coach Annette - My Hypnotherapist\" \/>\n<meta property=\"og:description\" content=\"Meet Annette, a professional hypnotherapist, pastor and life coach, dedicated to helping you overcome anxiety, stress, and unwanted habits.\" \/>\n<meta property=\"og:url\" content=\"https:\/\/myhypnotherapist.eu\/de\/hypnotherapist-and-life-coach-annette\/\" \/>\n<meta property=\"og:site_name\" content=\"My Hypnotherapist\" \/>\n<meta property=\"article:modified_time\" content=\"2025-05-01T11:11:50+00:00\" \/>\n<meta property=\"og:image\" content=\"https:\/\/myhypnotherapist.eu\/wp-content\/uploads\/2024\/07\/PastorAnnetteMalzahn-Gathmann.jpg\" \/>\n\t<meta property=\"og:image:width\" content=\"472\" \/>\n\t<meta property=\"og:image:height\" content=\"709\" \/>\n\t<meta property=\"og:image:type\" content=\"image\/jpeg\" \/>\n<meta name=\"twitter:card\" content=\"summary_large_image\" \/>\n<meta name=\"twitter:label1\" content=\"Gesch\u00e4tzte Lesezeit\" \/>\n\t<meta name=\"twitter:data1\" content=\"2\u00a0Minuten\" \/>\n<script type=\"application\/ld+json\" class=\"yoast-schema-graph\">{\"@context\":\"https:\\\/\\\/schema.org\",\"@graph\":[{\"@type\":\"WebPage\",\"@id\":\"https:\\\/\\\/myhypnotherapist.eu\\\/hypnotherapist-and-life-coach-annette\\\/\",\"url\":\"https:\\\/\\\/myhypnotherapist.eu\\\/hypnotherapist-and-life-coach-annette\\\/\",\"name\":\"Hypnotherapist and Life Coach Annette - My Hypnotherapist\",\"isPartOf\":{\"@id\":\"https:\\\/\\\/myhypnotherapist.eu\\\/#website\"},\"primaryImageOfPage\":{\"@id\":\"https:\\\/\\\/myhypnotherapist.eu\\\/hypnotherapist-and-life-coach-annette\\\/#primaryimage\"},\"image\":{\"@id\":\"https:\\\/\\\/myhypnotherapist.eu\\\/hypnotherapist-and-life-coach-annette\\\/#primaryimage\"},\"thumbnailUrl\":\"https:\\\/\\\/myhypnotherapist.eu\\\/wp-content\\\/uploads\\\/2024\\\/07\\\/PastorAnnetteMalzahn-Gathmann.jpg\",\"datePublished\":\"2024-07-02T14:30:11+00:00\",\"dateModified\":\"2025-05-01T11:11:50+00:00\",\"description\":\"Meet Annette, a professional hypnotherapist, pastor and life coach, dedicated to helping you overcome anxiety, stress, and unwanted habits.\",\"breadcrumb\":{\"@id\":\"https:\\\/\\\/myhypnotherapist.eu\\\/hypnotherapist-and-life-coach-annette\\\/#breadcrumb\"},\"inLanguage\":\"de\",\"potentialAction\":[{\"@type\":\"ReadAction\",\"target\":[\"https:\\\/\\\/myhypnotherapist.eu\\\/hypnotherapist-and-life-coach-annette\\\/\"]}]},{\"@type\":\"ImageObject\",\"inLanguage\":\"de\",\"@id\":\"https:\\\/\\\/myhypnotherapist.eu\\\/hypnotherapist-and-life-coach-annette\\\/#primaryimage\",\"url\":\"https:\\\/\\\/myhypnotherapist.eu\\\/wp-content\\\/uploads\\\/2024\\\/07\\\/PastorAnnetteMalzahn-Gathmann.jpg\",\"contentUrl\":\"https:\\\/\\\/myhypnotherapist.eu\\\/wp-content\\\/uploads\\\/2024\\\/07\\\/PastorAnnetteMalzahn-Gathmann.jpg\"},{\"@type\":\"BreadcrumbList\",\"@id\":\"https:\\\/\\\/myhypnotherapist.eu\\\/hypnotherapist-and-life-coach-annette\\\/#breadcrumb\",\"itemListElement\":[{\"@type\":\"ListItem\",\"position\":1,\"name\":\"Home\",\"item\":\"https:\\\/\\\/myhypnotherapist.eu\\\/\"},{\"@type\":\"ListItem\",\"position\":2,\"name\":\"Annette\"}]},{\"@type\":\"WebSite\",\"@id\":\"https:\\\/\\\/myhypnotherapist.eu\\\/#website\",\"url\":\"https:\\\/\\\/myhypnotherapist.eu\\\/\",\"name\":\"My Hypnotherapist\",\"description\":\"\",\"publisher\":{\"@id\":\"https:\\\/\\\/myhypnotherapist.eu\\\/#organization\"},\"potentialAction\":[{\"@type\":\"SearchAction\",\"target\":{\"@type\":\"EntryPoint\",\"urlTemplate\":\"https:\\\/\\\/myhypnotherapist.eu\\\/?s={search_term_string}\"},\"query-input\":{\"@type\":\"PropertyValueSpecification\",\"valueRequired\":true,\"valueName\":\"search_term_string\"}}],\"inLanguage\":\"de\"},{\"@type\":\"Organization\",\"@id\":\"https:\\\/\\\/myhypnotherapist.eu\\\/#organization\",\"name\":\"My Hypnotherapist\",\"url\":\"https:\\\/\\\/myhypnotherapist.eu\\\/\",\"logo\":{\"@type\":\"ImageObject\",\"inLanguage\":\"de\",\"@id\":\"https:\\\/\\\/myhypnotherapist.eu\\\/#\\\/schema\\\/logo\\\/image\\\/\",\"url\":\"https:\\\/\\\/myhypnotherapist.eu\\\/wp-content\\\/uploads\\\/2024\\\/06\\\/MyHypnotherapist-logo-scaled.webp\",\"contentUrl\":\"https:\\\/\\\/myhypnotherapist.eu\\\/wp-content\\\/uploads\\\/2024\\\/06\\\/MyHypnotherapist-logo-scaled.webp\",\"width\":2560,\"height\":1546,\"caption\":\"My Hypnotherapist\"},\"image\":{\"@id\":\"https:\\\/\\\/myhypnotherapist.eu\\\/#\\\/schema\\\/logo\\\/image\\\/\"}}]}<\/script>\n<!-- \/ Yoast SEO plugin. -->","yoast_head_json":{"title":"Hypnotherapist and Life Coach Annette - My Hypnotherapist","description":"Meet Annette, a professional hypnotherapist, pastor and life coach, dedicated to helping you overcome anxiety, stress, and unwanted habits.","robots":{"index":"index","follow":"follow","max-snippet":"max-snippet:-1","max-image-preview":"max-image-preview:large","max-video-preview":"max-video-preview:-1"},"canonical":"https:\/\/myhypnotherapist.eu\/de\/hypnotherapist-and-life-coach-annette\/","og_locale":"de_DE","og_type":"article","og_title":"Hypnotherapist and Life Coach Annette - My Hypnotherapist","og_description":"Meet Annette, a professional hypnotherapist, pastor and life coach, dedicated to helping you overcome anxiety, stress, and unwanted habits.","og_url":"https:\/\/myhypnotherapist.eu\/de\/hypnotherapist-and-life-coach-annette\/","og_site_name":"My Hypnotherapist","article_modified_time":"2025-05-01T11:11:50+00:00","og_image":[{"width":472,"height":709,"url":"https:\/\/myhypnotherapist.eu\/wp-content\/uploads\/2024\/07\/PastorAnnetteMalzahn-Gathmann.jpg","type":"image\/jpeg"}],"twitter_card":"summary_large_image","twitter_misc":{"Gesch\u00e4tzte Lesezeit":"2\u00a0Minuten"},"schema":{"@context":"https:\/\/schema.org","@graph":[{"@type":"WebPage","@id":"https:\/\/myhypnotherapist.eu\/hypnotherapist-and-life-coach-annette\/","url":"https:\/\/myhypnotherapist.eu\/hypnotherapist-and-life-coach-annette\/","name":"Hypnotherapist and Life Coach Annette - My Hypnotherapist","isPartOf":{"@id":"https:\/\/myhypnotherapist.eu\/#website"},"primaryImageOfPage":{"@id":"https:\/\/myhypnotherapist.eu\/hypnotherapist-and-life-coach-annette\/#primaryimage"},"image":{"@id":"https:\/\/myhypnotherapist.eu\/hypnotherapist-and-life-coach-annette\/#primaryimage"},"thumbnailUrl":"https:\/\/myhypnotherapist.eu\/wp-content\/uploads\/2024\/07\/PastorAnnetteMalzahn-Gathmann.jpg","datePublished":"2024-07-02T14:30:11+00:00","dateModified":"2025-05-01T11:11:50+00:00","description":"Meet Annette, a professional hypnotherapist, pastor and life coach, dedicated to helping you overcome anxiety, stress, and unwanted habits.","breadcrumb":{"@id":"https:\/\/myhypnotherapist.eu\/hypnotherapist-and-life-coach-annette\/#breadcrumb"},"inLanguage":"de","potentialAction":[{"@type":"ReadAction","target":["https:\/\/myhypnotherapist.eu\/hypnotherapist-and-life-coach-annette\/"]}]},{"@type":"ImageObject","inLanguage":"de","@id":"https:\/\/myhypnotherapist.eu\/hypnotherapist-and-life-coach-annette\/#primaryimage","url":"https:\/\/myhypnotherapist.eu\/wp-content\/uploads\/2024\/07\/PastorAnnetteMalzahn-Gathmann.jpg","contentUrl":"https:\/\/myhypnotherapist.eu\/wp-content\/uploads\/2024\/07\/PastorAnnetteMalzahn-Gathmann.jpg"},{"@type":"BreadcrumbList","@id":"https:\/\/myhypnotherapist.eu\/hypnotherapist-and-life-coach-annette\/#breadcrumb","itemListElement":[{"@type":"ListItem","position":1,"name":"Home","item":"https:\/\/myhypnotherapist.eu\/"},{"@type":"ListItem","position":2,"name":"Annette"}]},{"@type":"WebSite","@id":"https:\/\/myhypnotherapist.eu\/#website","url":"https:\/\/myhypnotherapist.eu\/","name":"My Hypnotherapist (auf gut Deutsch Mein Hypnotherapeut)","description":"","publisher":{"@id":"https:\/\/myhypnotherapist.eu\/#organization"},"potentialAction":[{"@type":"SearchAction","target":{"@type":"EntryPoint","urlTemplate":"https:\/\/myhypnotherapist.eu\/?s={search_term_string}"},"query-input":{"@type":"PropertyValueSpecification","valueRequired":true,"valueName":"search_term_string"}}],"inLanguage":"de"},{"@type":"Organization","@id":"https:\/\/myhypnotherapist.eu\/#organization","name":"My Hypnotherapist (auf gut Deutsch Mein Hypnotherapeut)","url":"https:\/\/myhypnotherapist.eu\/","logo":{"@type":"ImageObject","inLanguage":"de","@id":"https:\/\/myhypnotherapist.eu\/#\/schema\/logo\/image\/","url":"https:\/\/myhypnotherapist.eu\/wp-content\/uploads\/2024\/06\/MyHypnotherapist-logo-scaled.webp","contentUrl":"https:\/\/myhypnotherapist.eu\/wp-content\/uploads\/2024\/06\/MyHypnotherapist-logo-scaled.webp","width":2560,"height":1546,"caption":"My Hypnotherapist"},"image":{"@id":"https:\/\/myhypnotherapist.eu\/#\/schema\/logo\/image\/"}}]}},"_links":{"self":[{"href":"https:\/\/myhypnotherapist.eu\/de\/wp-json\/wp\/v2\/pages\/2666","targetHints":{"allow":["GET"]}}],"collection":[{"href":"https:\/\/myhypnotherapist.eu\/de\/wp-json\/wp\/v2\/pages"}],"about":[{"href":"https:\/\/myhypnotherapist.eu\/de\/wp-json\/wp\/v2\/types\/page"}],"author":[{"embeddable":true,"href":"https:\/\/myhypnotherapist.eu\/de\/wp-json\/wp\/v2\/users\/1"}],"replies":[{"embeddable":true,"href":"https:\/\/myhypnotherapist.eu\/de\/wp-json\/wp\/v2\/comments?post=2666"}],"version-history":[{"count":59,"href":"https:\/\/myhypnotherapist.eu\/de\/wp-json\/wp\/v2\/pages\/2666\/revisions"}],"predecessor-version":[{"id":3600,"href":"https:\/\/myhypnotherapist.eu\/de\/wp-json\/wp\/v2\/pages\/2666\/revisions\/3600"}],"wp:attachment":[{"href":"https:\/\/myhypnotherapist.eu\/de\/wp-json\/wp\/v2\/media?parent=2666"}],"curies":[{"name":"wp","href":"https:\/\/api.w.org\/{rel}","templated":true}]}}