{"id":2621,"date":"2024-07-02T14:07:14","date_gmt":"2024-07-02T14:07:14","guid":{"rendered":"https:\/\/elevatesandbox.click\/?page_id=2621"},"modified":"2025-05-01T11:11:17","modified_gmt":"2025-05-01T11:11:17","slug":"stefan-hypnotherapist-and-mind-coach","status":"publish","type":"page","link":"https:\/\/myhypnotherapist.eu\/de\/stefan-hypnotherapist-and-mind-coach\/","title":{"rendered":"Stefan"},"content":{"rendered":"<div data-elementor-type=\"wp-page\" data-elementor-id=\"2621\" class=\"elementor elementor-2621\">\n\t\t\t\t<div class=\"elementor-element elementor-element-6a92d100 e-con-full e-flex e-con e-parent\" data-id=\"6a92d100\" data-element_type=\"container\" data-e-type=\"container\" data-settings=\"{&quot;background_background&quot;:&quot;classic&quot;}\">\n\t\t<div class=\"elementor-element elementor-element-4f689f95 e-con-full e-flex e-con e-child\" data-id=\"4f689f95\" data-element_type=\"container\" data-e-type=\"container\">\n\t\t\t\t<div class=\"elementor-element elementor-element-1031b507 elementor-widget elementor-widget-heading\" data-id=\"1031b507\" data-element_type=\"widget\" data-e-type=\"widget\" data-widget_type=\"heading.default\">\n\t\t\t\t\t<h2 class=\"elementor-heading-title elementor-size-default\">Stefan Gathmann<\/h2>\t\t\t\t<\/div>\n\t\t\t\t<div class=\"elementor-element elementor-element-f989d19 elementor-widget-divider--view-line elementor-widget elementor-widget-divider\" data-id=\"f989d19\" data-element_type=\"widget\" data-e-type=\"widget\" data-widget_type=\"divider.default\">\n\t\t\t\t\t\t\t<div class=\"elementor-divider\">\n\t\t\t<span class=\"elementor-divider-separator\">\n\t\t\t\t\t\t<\/span>\n\t\t<\/div>\n\t\t\t\t\t\t<\/div>\n\t\t\t\t<div class=\"elementor-element elementor-element-10074ff elementor-widget elementor-widget-heading\" data-id=\"10074ff\" data-element_type=\"widget\" data-e-type=\"widget\" data-widget_type=\"heading.default\">\n\t\t\t\t\t<h2 class=\"elementor-heading-title elementor-size-default\">Ihr Experte f\u00fcr Hypnotherapie und Mind Coaching<\/h2>\t\t\t\t<\/div>\n\t\t\t\t<div class=\"elementor-element elementor-element-25a253aa elementor-widget elementor-widget-text-editor\" data-id=\"25a253aa\" data-element_type=\"widget\" data-e-type=\"widget\" data-widget_type=\"text-editor.default\">\n\t\t\t\t\t\t\t\t\t<p>Hallo, mein Name ist Stefan Gathmann, und ich bin ein engagierter Hypnotherapeut und Mind Coach derzeit in Irland lebend, der sich auf klinische Hypnotherapie und Mind Coaching spezialisiert hat. Mit einem fortgeschrittenen Diplom und mehreren Zertifikaten in strategischer Hypnotherapie und Mind Coaching von der <a href=\"https:\/\/hypnosisacademy.ie\/diploma-in-hypnotherapy-emotion-focused\/\">Hypnotherapy Business Academy<\/a> im Marino Institute in Dublin. Ich m\u00f6chte Ihnen dabei helfen, die Kraft Ihres (Unter-) Bewusstseins freizusetzen.<\/p>\t\t\t\t\t\t\t\t<\/div>\n\t\t\t\t<div class=\"elementor-element elementor-element-fd5e958 elementor-widget elementor-widget-heading\" data-id=\"fd5e958\" data-element_type=\"widget\" data-e-type=\"widget\" data-widget_type=\"heading.default\">\n\t\t\t\t\t<h2 class=\"elementor-heading-title elementor-size-default\">Mein Weg zum Hypnotherapeuten und Mind Coach<\/h2>\t\t\t\t<\/div>\n\t\t\t\t<div class=\"elementor-element elementor-element-f67badc elementor-widget elementor-widget-text-editor\" data-id=\"f67badc\" data-element_type=\"widget\" data-e-type=\"widget\" data-widget_type=\"text-editor.default\">\n\t\t\t\t\t\t\t\t\t<p dir=\"auto\">Meine Karriere begann 1992 als Student der Evangelischen Theologie in Wuppertal, Deutschland. Dort \u00f6ffnete mir ein klientenzentrierter Ansatz in der Seelsorge den Blick f\u00fcr die Macht des (Unter-) Bewusstseins und daf\u00fcr, wie unsere Gedanken unsere Realit\u00e4t beeinflussen. Diese fr\u00fchen Erfahrungen legten den Grundstein f\u00fcr meine Reise in die Hypnotherapie und das Mind Coaching.<\/p><p dir=\"auto\">Ein Karrierewechsel zum Fachinformatiker Anwendungsentwicklung bei Siemens war der n\u00e4chste Schritt. Obwohl es auf den ersten Blick keinen Zusammenhang zu geben scheint, erfordern beide Berufe umfangreiche menschliche Interaktion und \u201eUmprogrammierung\u201c - sei es des Geist, des Verhaltens oder der Software. Diese Erfahrung hat meine F\u00e4higkeiten im Verstehen und Beeinflussen komplexer Systeme gesch\u00e4rft, was f\u00fcr meine Arbeit als Hypnotherapeut und Mind Coach entscheidend ist.<\/p>\t\t\t\t\t\t\t\t<\/div>\n\t\t\t\t<div class=\"elementor-element elementor-element-c529b26 elementor-widget elementor-widget-heading\" data-id=\"c529b26\" data-element_type=\"widget\" data-e-type=\"widget\" data-widget_type=\"heading.default\">\n\t\t\t\t\t<h2 class=\"elementor-heading-title elementor-size-default\">Von der Software zur Seele: Mein \u00dcbergang zur Hypnotherapie<\/h2>\t\t\t\t<\/div>\n\t\t\t\t<div class=\"elementor-element elementor-element-133f02e elementor-widget elementor-widget-text-editor\" data-id=\"133f02e\" data-element_type=\"widget\" data-e-type=\"widget\" data-widget_type=\"text-editor.default\">\n\t\t\t\t\t\t\t\t\t<p dir=\"auto\">Dann wurde ich Spezialist f\u00fcr Lieferkettenstandards und Stammdaten. Diese Rolle half mir, die Kette von Ereignissen zu verstehen, die unser Leben pr\u00e4gen und wie sie miteinander verbunden sind und uns manchmal in den Abgrund rei\u00dfen. Genauso wie Stammdaten Systeme definieren und begrenzen, k\u00f6nnen unsere \u00dcberzeugungen und Gedanken uns definieren und begrenzen. Wenn wir jedoch lernen, zur Seite zu treten und diese Beschr\u00e4nkungen zu \u00fcberdenken, k\u00f6nnen wir zu unserem besseren Selbst werden.<\/p><p dir=\"auto\">Meine Reise zur Verbesserung begann im M\u00e4rz 2018, als ich beschloss, mir einen lang gehegten Traum zu erf\u00fcllen. Inspiriert von einer lieben Kollegin und Mutter einer Klassenkameradin meines Kindes, begann ich eine Ausbildung in Hypnose und Hypnotherapie bei der renommierten und weltweit angesehenen Susan Wallace von der Hypnotherapy Business Academy.<\/p>\t\t\t\t\t\t\t\t<\/div>\n\t\t\t\t<div class=\"elementor-element elementor-element-083d579 elementor-widget elementor-widget-heading\" data-id=\"083d579\" data-element_type=\"widget\" data-e-type=\"widget\" data-widget_type=\"heading.default\">\n\t\t\t\t\t<h2 class=\"elementor-heading-title elementor-size-default\">Spezialisierung und Dienstleistungen<\/h2>\t\t\t\t<\/div>\n\t\t\t\t<div class=\"elementor-element elementor-element-96953f9 elementor-widget elementor-widget-text-editor\" data-id=\"96953f9\" data-element_type=\"widget\" data-e-type=\"widget\" data-widget_type=\"text-editor.default\">\n\t\t\t\t\t\t\t\t\t<p dir=\"auto\">Ich erlangte Zertifikate in verschiedenen Bereichen der Hypnotherapie, einschliesslich von:<\/p><ul><li><strong>Aufbau von Selbstvertrauen<\/strong><\/li><li><strong>Gewichtsmanagement<\/strong><\/li><li><strong>Raucherentw\u00f6hnung<\/strong><\/li><li><strong>Hypnotisches Magenband<\/strong><\/li><li><strong>R\u00fcckf\u00fchrung in vergangene Leben<\/strong><\/li><\/ul><p dir=\"auto\">Meine Dienstleistungen beinhalten:<\/p><ul><li><strong>Hypnotherapie<\/strong>: Ich helfe meinen Klienten, verschiedene Herausforderungen durch die Kraft des Unterbewusstseins zu meistern.<\/li><li><strong>Mind Coaching<\/strong>: Begleitung von Menschen bei der Erreichung ihrer Ziele und der Verbesserung ihres psychischen Wohlbefindens.<\/li><li><strong>Team Coaching<\/strong>: Verbesserung der Teamdynamik und -leistung durch Mind-Coaching-Techniken.<\/li><li><strong>Motivationsvortr\u00e4ge<\/strong>: Das Publikum dazu inspirieren, den Wandel anzunehmen und sein volles Potenzial auszusch\u00f6pfen.<\/li><li><strong>\u00d6ffentliches Redenhalten<\/strong>: Eindrucksvolle Pr\u00e4sentationen \u00fcber Mind Coaching und Hypnotherapie.<\/li><\/ul>\t\t\t\t\t\t\t\t<\/div>\n\t\t\t\t<div class=\"elementor-element elementor-element-43a91d7 elementor-widget elementor-widget-heading\" data-id=\"43a91d7\" data-element_type=\"widget\" data-e-type=\"widget\" data-widget_type=\"heading.default\">\n\t\t\t\t\t<h2 class=\"elementor-heading-title elementor-size-default\">Warum Sie mich als Ihren Hypnotherpeuten und Mind Coach w\u00e4hlen sollten?<\/h2>\t\t\t\t<\/div>\n\t\t\t\t<div class=\"elementor-element elementor-element-51d048c elementor-widget elementor-widget-text-editor\" data-id=\"51d048c\" data-element_type=\"widget\" data-e-type=\"widget\" data-widget_type=\"text-editor.default\">\n\t\t\t\t\t\t\t\t\t<p dir=\"auto\">Mit meinem einzigartigen Hintergrund in Theologie, Softwareentwicklung und Supply Chain Management bringe ich einen ganzheitlichen und strategischen Ansatz in Hypnotherapie und Mind Coaching ein. Ich m\u00f6chte Ihnen dabei helfen, Ihre Herausforderungen zu meistern und Ihre Ziele zu erreichen. Ganz gleich, ob Sie Selbstvertrauen aufbauen, Gewicht verlieren, mit dem Rauchen aufh\u00f6ren, Verhaltensweisen \u00e4ndern, Phobien, \u00c4ngste oder Bef\u00fcrchtungen loswerden oder vergangene und zuk\u00fcnftige Leben erforschen m\u00f6chten, ich bin hier, um Sie auf Ihrem Weg zu einem erf\u00fcllteren Leben zu unterst\u00fctzen, um <strong>Ihnen zu helfen \"Ihr Besseres Selbst\" zu werden<\/strong> <strong>Self<\/strong>&#8220;.<\/p><p dir=\"auto\"><a href=\"https:\/\/myhypnotherapist.eu\/de\/contact\/\">Kontaktieren Sie mich<\/a> noch heute, um einen Beratungstermin zu vereinbaren und den ersten Schritt zur Ver\u00e4nderung Ihres Lebens zu machen. Als Ihr Hypnotherapeut und Mind Coach helfe ich Ihnen, die Kraft Ihres Unterbewusstseins freizusetzen und Ihr volles Potenzial zu erreichen. Kurz und gut, werden Sie <strong>Ihr Besseres Selbst<\/strong>!<\/p>\t\t\t\t\t\t\t\t<\/div>\n\t\t\t\t<div class=\"elementor-element elementor-element-c8d76b4 elementor-align-center elementor-widget elementor-widget-button\" data-id=\"c8d76b4\" data-element_type=\"widget\" data-e-type=\"widget\" data-widget_type=\"button.default\">\n\t\t\t\t\t\t\t\t\t\t<a class=\"elementor-button elementor-button-link elementor-size-sm\" href=\"https:\/\/stefangathmann.setmore.com\/\" target=\"_blank\">\n\t\t\t\t\t\t<span class=\"elementor-button-content-wrapper\">\n\t\t\t\t\t\t\t\t\t<span class=\"elementor-button-text\">Buchen Sie jetzt<\/span>\n\t\t\t\t\t<\/span>\n\t\t\t\t\t<\/a>\n\t\t\t\t\t\t\t\t<\/div>\n\t\t\t\t<div class=\"elementor-element elementor-element-ab8a323 elementor-widget elementor-widget-html\" data-id=\"ab8a323\" data-element_type=\"widget\" data-e-type=\"widget\" data-widget_type=\"html.default\">\n\t\t\t\t\t<a href=\"https:\/\/myhypnotherapist.eu\/de\/providing-professional-hypnotherapy-in-wicklow\/\" style=\"color:black; text-decoration:underline;\">Zur\u00fcck zu allen Team Mitgliedern<\/a>\t\t\t\t<\/div>\n\t\t\t\t<\/div>\n\t\t\t\t<div class=\"elementor-element elementor-element-3ddc2a4e elementor-widget__width-initial elementor-widget-tablet__width-inherit elementor-widget elementor-widget-image\" data-id=\"3ddc2a4e\" data-element_type=\"widget\" data-e-type=\"widget\" data-widget_type=\"image.default\">\n\t\t\t\t\t\t\t\t\t\t\t\t<figure class=\"wp-caption\">\n\t\t\t\t\t\t\t\t\t\t<img fetchpriority=\"high\" decoding=\"async\" width=\"709\" height=\"709\" src=\"https:\/\/myhypnotherapist.eu\/wp-content\/uploads\/2024\/06\/ego_Sum.jpg\" class=\"attachment-large size-large wp-image-2578\" alt=\"\" srcset=\"https:\/\/myhypnotherapist.eu\/wp-content\/uploads\/2024\/06\/ego_Sum.jpg 709w, https:\/\/myhypnotherapist.eu\/wp-content\/uploads\/2024\/06\/ego_Sum-300x300.jpg 300w, https:\/\/myhypnotherapist.eu\/wp-content\/uploads\/2024\/06\/ego_Sum-150x150.jpg 150w\" sizes=\"(max-width: 709px) 100vw, 709px\" \/>\t\t\t\t\t\t\t\t\t\t\t<figcaption class=\"widget-image-caption wp-caption-text\">Stefan, Hypnotherapeut und Mind Coach<\/figcaption>\n\t\t\t\t\t\t\t\t\t\t<\/figure>\n\t\t\t\t\t\t\t\t\t<\/div>\n\t\t\t\t<\/div>\n\t\t\t\t<\/div>","protected":false},"excerpt":{"rendered":"<p>Stefan Gathmann Your Expert Hypnotherapist and Mind Coach in Ireland Hi, I&#8217;m Stefan Gathmann, a dedicated Hypnotherapist and Mind Coach in Ireland, specialising in clinical hypnotherapy and mind coaching. With an advanced Diploma and several certificates in Strategic Hypnotherapy and Mind Coaching from the Hypnotherapy Business Academy at the Marino Institute of Education in Dublin, [&hellip;]<\/p>\n","protected":false},"author":1,"featured_media":0,"parent":0,"menu_order":0,"comment_status":"closed","ping_status":"closed","template":"","meta":{"site-sidebar-layout":"no-sidebar","site-content-layout":"page-builder","ast-site-content-layout":"full-width-container","site-content-style":"default","site-sidebar-style":"default","ast-global-header-display":"","ast-banner-title-visibility":"","ast-main-header-display":"","ast-hfb-above-header-display":"","ast-hfb-below-header-display":"","ast-hfb-mobile-header-display":"","site-post-title":"disabled","ast-breadcrumbs-content":"","ast-featured-img":"disabled","footer-sml-layout":"","ast-disable-related-posts":"","theme-transparent-header-meta":"","adv-header-id-meta":"","stick-header-meta":"","header-above-stick-meta":"","header-main-stick-meta":"","header-below-stick-meta":"","astra-migrate-meta-layouts":"set","ast-page-background-enabled":"default","ast-page-background-meta":{"desktop":{"background-color":"var(--ast-global-color-4)","background-image":"","background-repeat":"repeat","background-position":"center center","background-size":"auto","background-attachment":"scroll","background-type":"","background-media":"","overlay-type":"","overlay-color":"","overlay-opacity":"","overlay-gradient":""},"tablet":{"background-color":"","background-image":"","background-repeat":"repeat","background-position":"center center","background-size":"auto","background-attachment":"scroll","background-type":"","background-media":"","overlay-type":"","overlay-color":"","overlay-opacity":"","overlay-gradient":""},"mobile":{"background-color":"","background-image":"","background-repeat":"repeat","background-position":"center center","background-size":"auto","background-attachment":"scroll","background-type":"","background-media":"","overlay-type":"","overlay-color":"","overlay-opacity":"","overlay-gradient":""}},"ast-content-background-meta":{"desktop":{"background-color":"var(--ast-global-color-5)","background-image":"","background-repeat":"repeat","background-position":"center center","background-size":"auto","background-attachment":"scroll","background-type":"","background-media":"","overlay-type":"","overlay-color":"","overlay-opacity":"","overlay-gradient":""},"tablet":{"background-color":"var(--ast-global-color-5)","background-image":"","background-repeat":"repeat","background-position":"center center","background-size":"auto","background-attachment":"scroll","background-type":"","background-media":"","overlay-type":"","overlay-color":"","overlay-opacity":"","overlay-gradient":""},"mobile":{"background-color":"var(--ast-global-color-5)","background-image":"","background-repeat":"repeat","background-position":"center center","background-size":"auto","background-attachment":"scroll","background-type":"","background-media":"","overlay-type":"","overlay-color":"","overlay-opacity":"","overlay-gradient":""}},"footnotes":""},"class_list":["post-2621","page","type-page","status-publish","hentry"],"yoast_head":"<!-- This site is optimized with the Yoast SEO plugin v27.4 - https:\/\/yoast.com\/product\/yoast-seo-wordpress\/ -->\n<title>Stefan My Hypnotherapist Stefan, Hypnotherapist and Mind Coach in Ireland<\/title>\n<meta name=\"description\" content=\"Hypnotherapist &amp; Mind Coach Stefan Gathmann offers clinical hypnotherapy &amp; mind coaching to help you &quot;Become Your Better Self&quot;.\" \/>\n<meta name=\"robots\" content=\"index, follow, max-snippet:-1, max-image-preview:large, max-video-preview:-1\" \/>\n<link rel=\"canonical\" href=\"https:\/\/myhypnotherapist.eu\/de\/stefan-hypnotherapist-and-mind-coach\/\" \/>\n<meta property=\"og:locale\" content=\"de_DE\" \/>\n<meta property=\"og:type\" content=\"article\" \/>\n<meta property=\"og:title\" content=\"Stefan My Hypnotherapist Stefan, Hypnotherapist and Mind Coach in Ireland\" \/>\n<meta property=\"og:description\" content=\"Hypnotherapist &amp; Mind Coach Stefan Gathmann offers clinical hypnotherapy &amp; mind coaching to help you &quot;Become Your Better Self&quot;.\" \/>\n<meta property=\"og:url\" content=\"https:\/\/myhypnotherapist.eu\/de\/stefan-hypnotherapist-and-mind-coach\/\" \/>\n<meta property=\"og:site_name\" content=\"My Hypnotherapist\" \/>\n<meta property=\"article:modified_time\" content=\"2025-05-01T11:11:17+00:00\" \/>\n<meta property=\"og:image\" content=\"https:\/\/myhypnotherapist.eu\/wp-content\/uploads\/2024\/06\/ego_Sum.jpg\" \/>\n\t<meta property=\"og:image:width\" content=\"709\" \/>\n\t<meta property=\"og:image:height\" content=\"709\" \/>\n\t<meta property=\"og:image:type\" content=\"image\/jpeg\" \/>\n<meta name=\"twitter:card\" content=\"summary_large_image\" \/>\n<meta name=\"twitter:label1\" content=\"Gesch\u00e4tzte Lesezeit\" \/>\n\t<meta name=\"twitter:data1\" content=\"3\u00a0Minuten\" \/>\n<script type=\"application\/ld+json\" class=\"yoast-schema-graph\">{\"@context\":\"https:\\\/\\\/schema.org\",\"@graph\":[{\"@type\":\"WebPage\",\"@id\":\"https:\\\/\\\/myhypnotherapist.eu\\\/stefan-hypnotherapist-and-mind-coach\\\/\",\"url\":\"https:\\\/\\\/myhypnotherapist.eu\\\/stefan-hypnotherapist-and-mind-coach\\\/\",\"name\":\"Stefan My Hypnotherapist Stefan, Hypnotherapist and Mind Coach in Ireland\",\"isPartOf\":{\"@id\":\"https:\\\/\\\/myhypnotherapist.eu\\\/#website\"},\"primaryImageOfPage\":{\"@id\":\"https:\\\/\\\/myhypnotherapist.eu\\\/stefan-hypnotherapist-and-mind-coach\\\/#primaryimage\"},\"image\":{\"@id\":\"https:\\\/\\\/myhypnotherapist.eu\\\/stefan-hypnotherapist-and-mind-coach\\\/#primaryimage\"},\"thumbnailUrl\":\"https:\\\/\\\/myhypnotherapist.eu\\\/wp-content\\\/uploads\\\/2024\\\/06\\\/ego_Sum.jpg\",\"datePublished\":\"2024-07-02T14:07:14+00:00\",\"dateModified\":\"2025-05-01T11:11:17+00:00\",\"description\":\"Hypnotherapist & Mind Coach Stefan Gathmann offers clinical hypnotherapy & mind coaching to help you \\\"Become Your Better Self\\\".\",\"breadcrumb\":{\"@id\":\"https:\\\/\\\/myhypnotherapist.eu\\\/stefan-hypnotherapist-and-mind-coach\\\/#breadcrumb\"},\"inLanguage\":\"de\",\"potentialAction\":[{\"@type\":\"ReadAction\",\"target\":[\"https:\\\/\\\/myhypnotherapist.eu\\\/stefan-hypnotherapist-and-mind-coach\\\/\"]}]},{\"@type\":\"ImageObject\",\"inLanguage\":\"de\",\"@id\":\"https:\\\/\\\/myhypnotherapist.eu\\\/stefan-hypnotherapist-and-mind-coach\\\/#primaryimage\",\"url\":\"https:\\\/\\\/myhypnotherapist.eu\\\/wp-content\\\/uploads\\\/2024\\\/06\\\/ego_Sum.jpg\",\"contentUrl\":\"https:\\\/\\\/myhypnotherapist.eu\\\/wp-content\\\/uploads\\\/2024\\\/06\\\/ego_Sum.jpg\"},{\"@type\":\"BreadcrumbList\",\"@id\":\"https:\\\/\\\/myhypnotherapist.eu\\\/stefan-hypnotherapist-and-mind-coach\\\/#breadcrumb\",\"itemListElement\":[{\"@type\":\"ListItem\",\"position\":1,\"name\":\"Home\",\"item\":\"https:\\\/\\\/myhypnotherapist.eu\\\/\"},{\"@type\":\"ListItem\",\"position\":2,\"name\":\"Stefan\"}]},{\"@type\":\"WebSite\",\"@id\":\"https:\\\/\\\/myhypnotherapist.eu\\\/#website\",\"url\":\"https:\\\/\\\/myhypnotherapist.eu\\\/\",\"name\":\"My Hypnotherapist\",\"description\":\"\",\"publisher\":{\"@id\":\"https:\\\/\\\/myhypnotherapist.eu\\\/#organization\"},\"potentialAction\":[{\"@type\":\"SearchAction\",\"target\":{\"@type\":\"EntryPoint\",\"urlTemplate\":\"https:\\\/\\\/myhypnotherapist.eu\\\/?s={search_term_string}\"},\"query-input\":{\"@type\":\"PropertyValueSpecification\",\"valueRequired\":true,\"valueName\":\"search_term_string\"}}],\"inLanguage\":\"de\"},{\"@type\":\"Organization\",\"@id\":\"https:\\\/\\\/myhypnotherapist.eu\\\/#organization\",\"name\":\"My Hypnotherapist\",\"url\":\"https:\\\/\\\/myhypnotherapist.eu\\\/\",\"logo\":{\"@type\":\"ImageObject\",\"inLanguage\":\"de\",\"@id\":\"https:\\\/\\\/myhypnotherapist.eu\\\/#\\\/schema\\\/logo\\\/image\\\/\",\"url\":\"https:\\\/\\\/myhypnotherapist.eu\\\/wp-content\\\/uploads\\\/2024\\\/06\\\/MyHypnotherapist-logo-scaled.webp\",\"contentUrl\":\"https:\\\/\\\/myhypnotherapist.eu\\\/wp-content\\\/uploads\\\/2024\\\/06\\\/MyHypnotherapist-logo-scaled.webp\",\"width\":2560,\"height\":1546,\"caption\":\"My Hypnotherapist\"},\"image\":{\"@id\":\"https:\\\/\\\/myhypnotherapist.eu\\\/#\\\/schema\\\/logo\\\/image\\\/\"}}]}<\/script>\n<!-- \/ Yoast SEO plugin. -->","yoast_head_json":{"title":"Stefan My Hypnotherapist Stefan, Hypnotherapist and Mind Coach in Ireland","description":"Hypnotherapist & Mind Coach Stefan Gathmann offers clinical hypnotherapy & mind coaching to help you \"Become Your Better Self\".","robots":{"index":"index","follow":"follow","max-snippet":"max-snippet:-1","max-image-preview":"max-image-preview:large","max-video-preview":"max-video-preview:-1"},"canonical":"https:\/\/myhypnotherapist.eu\/de\/stefan-hypnotherapist-and-mind-coach\/","og_locale":"de_DE","og_type":"article","og_title":"Stefan My Hypnotherapist Stefan, Hypnotherapist and Mind Coach in Ireland","og_description":"Hypnotherapist & Mind Coach Stefan Gathmann offers clinical hypnotherapy & mind coaching to help you \"Become Your Better Self\".","og_url":"https:\/\/myhypnotherapist.eu\/de\/stefan-hypnotherapist-and-mind-coach\/","og_site_name":"My Hypnotherapist","article_modified_time":"2025-05-01T11:11:17+00:00","og_image":[{"width":709,"height":709,"url":"https:\/\/myhypnotherapist.eu\/wp-content\/uploads\/2024\/06\/ego_Sum.jpg","type":"image\/jpeg"}],"twitter_card":"summary_large_image","twitter_misc":{"Gesch\u00e4tzte Lesezeit":"3\u00a0Minuten"},"schema":{"@context":"https:\/\/schema.org","@graph":[{"@type":"WebPage","@id":"https:\/\/myhypnotherapist.eu\/stefan-hypnotherapist-and-mind-coach\/","url":"https:\/\/myhypnotherapist.eu\/stefan-hypnotherapist-and-mind-coach\/","name":"Stefan My Hypnotherapist Stefan, Hypnotherapist and Mind Coach in Ireland","isPartOf":{"@id":"https:\/\/myhypnotherapist.eu\/#website"},"primaryImageOfPage":{"@id":"https:\/\/myhypnotherapist.eu\/stefan-hypnotherapist-and-mind-coach\/#primaryimage"},"image":{"@id":"https:\/\/myhypnotherapist.eu\/stefan-hypnotherapist-and-mind-coach\/#primaryimage"},"thumbnailUrl":"https:\/\/myhypnotherapist.eu\/wp-content\/uploads\/2024\/06\/ego_Sum.jpg","datePublished":"2024-07-02T14:07:14+00:00","dateModified":"2025-05-01T11:11:17+00:00","description":"Hypnotherapist & Mind Coach Stefan Gathmann offers clinical hypnotherapy & mind coaching to help you \"Become Your Better Self\".","breadcrumb":{"@id":"https:\/\/myhypnotherapist.eu\/stefan-hypnotherapist-and-mind-coach\/#breadcrumb"},"inLanguage":"de","potentialAction":[{"@type":"ReadAction","target":["https:\/\/myhypnotherapist.eu\/stefan-hypnotherapist-and-mind-coach\/"]}]},{"@type":"ImageObject","inLanguage":"de","@id":"https:\/\/myhypnotherapist.eu\/stefan-hypnotherapist-and-mind-coach\/#primaryimage","url":"https:\/\/myhypnotherapist.eu\/wp-content\/uploads\/2024\/06\/ego_Sum.jpg","contentUrl":"https:\/\/myhypnotherapist.eu\/wp-content\/uploads\/2024\/06\/ego_Sum.jpg"},{"@type":"BreadcrumbList","@id":"https:\/\/myhypnotherapist.eu\/stefan-hypnotherapist-and-mind-coach\/#breadcrumb","itemListElement":[{"@type":"ListItem","position":1,"name":"Home","item":"https:\/\/myhypnotherapist.eu\/"},{"@type":"ListItem","position":2,"name":"Stefan"}]},{"@type":"WebSite","@id":"https:\/\/myhypnotherapist.eu\/#website","url":"https:\/\/myhypnotherapist.eu\/","name":"My Hypnotherapist (auf gut Deutsch Mein Hypnotherapeut)","description":"","publisher":{"@id":"https:\/\/myhypnotherapist.eu\/#organization"},"potentialAction":[{"@type":"SearchAction","target":{"@type":"EntryPoint","urlTemplate":"https:\/\/myhypnotherapist.eu\/?s={search_term_string}"},"query-input":{"@type":"PropertyValueSpecification","valueRequired":true,"valueName":"search_term_string"}}],"inLanguage":"de"},{"@type":"Organization","@id":"https:\/\/myhypnotherapist.eu\/#organization","name":"My Hypnotherapist (auf gut Deutsch Mein Hypnotherapeut)","url":"https:\/\/myhypnotherapist.eu\/","logo":{"@type":"ImageObject","inLanguage":"de","@id":"https:\/\/myhypnotherapist.eu\/#\/schema\/logo\/image\/","url":"https:\/\/myhypnotherapist.eu\/wp-content\/uploads\/2024\/06\/MyHypnotherapist-logo-scaled.webp","contentUrl":"https:\/\/myhypnotherapist.eu\/wp-content\/uploads\/2024\/06\/MyHypnotherapist-logo-scaled.webp","width":2560,"height":1546,"caption":"My Hypnotherapist"},"image":{"@id":"https:\/\/myhypnotherapist.eu\/#\/schema\/logo\/image\/"}}]}},"_links":{"self":[{"href":"https:\/\/myhypnotherapist.eu\/de\/wp-json\/wp\/v2\/pages\/2621","targetHints":{"allow":["GET"]}}],"collection":[{"href":"https:\/\/myhypnotherapist.eu\/de\/wp-json\/wp\/v2\/pages"}],"about":[{"href":"https:\/\/myhypnotherapist.eu\/de\/wp-json\/wp\/v2\/types\/page"}],"author":[{"embeddable":true,"href":"https:\/\/myhypnotherapist.eu\/de\/wp-json\/wp\/v2\/users\/1"}],"replies":[{"embeddable":true,"href":"https:\/\/myhypnotherapist.eu\/de\/wp-json\/wp\/v2\/comments?post=2621"}],"version-history":[{"count":33,"href":"https:\/\/myhypnotherapist.eu\/de\/wp-json\/wp\/v2\/pages\/2621\/revisions"}],"predecessor-version":[{"id":3597,"href":"https:\/\/myhypnotherapist.eu\/de\/wp-json\/wp\/v2\/pages\/2621\/revisions\/3597"}],"wp:attachment":[{"href":"https:\/\/myhypnotherapist.eu\/de\/wp-json\/wp\/v2\/media?parent=2621"}],"curies":[{"name":"wp","href":"https:\/\/api.w.org\/{rel}","templated":true}]}}